{"id":21,"date":"2010-10-16T16:02:44","date_gmt":"2010-10-16T14:02:44","guid":{"rendered":"http:\/\/heimatvereinbersenbrueck.de\/wordpress\/?page_id=21"},"modified":"2025-05-19T11:03:45","modified_gmt":"2025-05-19T09:03:45","slug":"mitglied-werden","status":"publish","type":"page","link":"https:\/\/heimatvereinbersenbrueck.de\/wordpress\/ueber-uns\/mitglied-werden\/","title":{"rendered":"Mitglied werden"},"content":{"rendered":"\n<p>Sie m\u00f6chten Mitglied im Heimatverein Bersenbr\u00fcck e.V. werden?<\/p>\n\n\n\n<p>Durch die Mitgliedschaft<\/p>\n\n\n\n<ul class=\"wp-block-list\">\n<li><figure><a href=\"https:\/\/heimatvereinbersenbrueck.de\/wordpress\/wp-content\/uploads\/2024\/05\/Bulletpoint-Rund-.png\"><img loading=\"lazy\" decoding=\"async\" width=\"27\" height=\"16\" class=\"alignleft wp-image-2914\" src=\"https:\/\/heimatvereinbersenbrueck.de\/wordpress\/wp-content\/uploads\/2024\/05\/Bulletpoint-Rund-.png\" alt=\"\"><\/a><\/figure> unterst\u00fctzen Sie die Arbeit des Heimatvereins Bersenbr\u00fcck<\/li>\n\n\n\n<li><figure><a href=\"https:\/\/heimatvereinbersenbrueck.de\/wordpress\/wp-content\/uploads\/2024\/05\/Bulletpoint-Rund-.png\"><img loading=\"lazy\" decoding=\"async\" width=\"24\" height=\"14\" class=\" wp-image-2914 alignleft\" src=\"https:\/\/heimatvereinbersenbrueck.de\/wordpress\/wp-content\/uploads\/2024\/05\/Bulletpoint-Rund-.png\" alt=\"\"><\/a><\/figure> erhalten Sie Informationen zur Heimatpflege<\/li>\n\n\n\n<li><figure><a href=\"https:\/\/heimatvereinbersenbrueck.de\/wordpress\/wp-content\/uploads\/2024\/05\/Bulletpoint-Rund-.png\"><img loading=\"lazy\" decoding=\"async\" width=\"24\" height=\"14\" class=\" wp-image-2914 alignleft\" src=\"https:\/\/heimatvereinbersenbrueck.de\/wordpress\/wp-content\/uploads\/2024\/05\/Bulletpoint-Rund-.png\" alt=\"\"><\/a><\/figure> werden Sie zu Veranstaltungen eingeladen<strong><br><\/strong><\/li>\n<\/ul>\n\n\n<div class=\"wp-block-image\">\n<figure class=\"alignleft\"><a href=\"https:\/\/heimatvereinbersenbrueck.de\/wordpress\/wp-content\/uploads\/2024\/05\/Bulletpoint-Rund-.png\"><img loading=\"lazy\" decoding=\"async\" width=\"54\" height=\"32\" src=\"https:\/\/heimatvereinbersenbrueck.de\/wordpress\/wp-content\/uploads\/2024\/05\/Bulletpoint-Rund-.png\" alt=\"\" class=\"wp-image-2914\"\/><\/a><\/figure>\n<\/div>\n\n\n<p>Der Jahresbeitrag betr\u00e4gt z.Z. 15,&#8211; \u20ac<br>Sie zahlen erstmalig im kommenden Kalenderjahr<\/p>\n\n\n\n<p>Das Formular finden Sie hier:<\/p>\n\n\n\n<p>Sie k\u00f6nnen die Beitritterkl\u00e4rung zum Heimatverein Bersenbr\u00fcck e.V.&nbsp;<\/p>\n\n\n\n<p>auch direkt Online \u00fcber unser Vereinsvewaltungsprogramm Vereinplaner.at abgeben,<br>hier f\u00fcr m\u00fcssen Sie nach Eingabe Ihrer Daten, die Ihren Zugesandte Email Adresse best\u00e4tigen!<\/p>\n\n\n\n<p>Hier der Weblink zum Formular , klicken Sie auf auf den roten Button<\/p>\n\n\n\n<div class=\"wp-block-buttons is-layout-flex wp-block-buttons-is-layout-flex\">\n<div class=\"wp-block-button\"><a class=\"wp-block-button__link has-background wp-element-button\" href=\"https:\/\/formular.vereinsplaner.com\/30465309-238d-4813-a764-39086f43a73f\" style=\"background-color:#5b0a0a\">Unser Online Beitrittsformular &#8211; zur einfachen direkten Bearbeitung des Formulars<br>Wir bitten Sie m\u00f6glichst \u00fcber diesen Link das Formular  online an uns weiterzuleiten!<br>bei Fragen schreiben Sie uns eine E-Mail an info@hv-bsb.de mit Ihren Kontaktdaten, <br> falls Sie eine Hilfestellung ben\u00f6tigen! wir rufen Sie dann zur\u00fcck. <\/a><\/div>\n<\/div>\n\n\n\n<p><\/p>\n\n\n\n<div class=\"wp-block-buttons has-blue-background-color has-background is-layout-flex wp-block-buttons-is-layout-flex\">\n<div class=\"wp-block-button\"><a class=\"wp-block-button__link wp-element-button\" href=\"https:\/\/heimatvereinbersenbrueck.de\/wordpress\/wp-content\/uploads\/2025\/05\/Beitrittserklaerung-Internetvorlage-2025.pdf\">Zur Druckversion bei manueller Bearbeitung der Beitrittserkl\u00e4rung k\u00f6nnen Sie \u00fcber diesen Link  das siehe unten stehende Formular ausdrucken und uns dies per E-Mail an info@hv-bsb.de zusenden. <\/a><\/div>\n<\/div>\n\n\n<a href=\"https:\/\/heimatvereinbersenbrueck.de\/wordpress\/wp-content\/uploads\/2025\/05\/Beitrittserklaerung-Internetvorlage-2025.pdf\" class=\"pdfemb-viewer\" style=\"\" data-width=\"max\" data-height=\"max\" data-toolbar=\"bottom\" data-toolbar-fixed=\"off\">Beitrittserklaerung-Internetvorlage-2025<\/a>\n\n\n<p><\/p>\n","protected":false},"excerpt":{"rendered":"<p>Sie m\u00f6chten Mitglied im Heimatverein Bersenbr\u00fcck e.V. werden? Durch die Mitgliedschaft Der Jahresbeitrag betr\u00e4gt z.Z. 15,&#8211; \u20acSie zahlen erstmalig im kommenden Kalenderjahr Das Formular finden Sie hier: Sie k\u00f6nnen die Beitritterkl\u00e4rung zum Heimatverein Bersenbr\u00fcck e.V.&nbsp; auch direkt Online \u00fcber unser Vereinsvewaltungsprogramm Vereinplaner.at abgeben,hier f\u00fcr m\u00fcssen Sie nach Eingabe Ihrer Daten, die Ihren Zugesandte Email Adresse best\u00e4tigen! Hier der Weblink zum <a class=\"more-link\" href=\"https:\/\/heimatvereinbersenbrueck.de\/wordpress\/ueber-uns\/mitglied-werden\/\">&lt;weiterlesen&#8230;<\/a><\/p>\n","protected":false},"author":3,"featured_media":0,"parent":2426,"menu_order":7,"comment_status":"closed","ping_status":"closed","template":"","meta":{"pgc_sgb_lightbox_settings":"","_EventAllDay":false,"_EventTimezone":"","_EventStartDate":"","_EventEndDate":"","_EventStartDateUTC":"","_EventEndDateUTC":"","_EventShowMap":false,"_EventShowMapLink":false,"_EventURL":"","_EventCost":"","_EventCostDescription":"","_EventCurrencySymbol":"","_EventCurrencyCode":"","_EventCurrencyPosition":"","_EventDateTimeSeparator":"","_EventTimeRangeSeparator":"","_EventOrganizerID":[],"_EventVenueID":[],"_OrganizerEmail":"","_OrganizerPhone":"","_OrganizerWebsite":"","_VenueAddress":"","_VenueCity":"","_VenueCountry":"","_VenueProvince":"","_VenueState":"","_VenueZip":"","_VenuePhone":"","_VenueURL":"","_VenueStateProvince":"","_VenueLat":"","_VenueLng":"","_VenueShowMap":false,"_VenueShowMapLink":false,"footnotes":""},"class_list":["post-21","page","type-page","status-publish","hentry"],"_links":{"self":[{"href":"https:\/\/heimatvereinbersenbrueck.de\/wordpress\/wp-json\/wp\/v2\/pages\/21","targetHints":{"allow":["GET"]}}],"collection":[{"href":"https:\/\/heimatvereinbersenbrueck.de\/wordpress\/wp-json\/wp\/v2\/pages"}],"about":[{"href":"https:\/\/heimatvereinbersenbrueck.de\/wordpress\/wp-json\/wp\/v2\/types\/page"}],"author":[{"embeddable":true,"href":"https:\/\/heimatvereinbersenbrueck.de\/wordpress\/wp-json\/wp\/v2\/users\/3"}],"replies":[{"embeddable":true,"href":"https:\/\/heimatvereinbersenbrueck.de\/wordpress\/wp-json\/wp\/v2\/comments?post=21"}],"version-history":[{"count":29,"href":"https:\/\/heimatvereinbersenbrueck.de\/wordpress\/wp-json\/wp\/v2\/pages\/21\/revisions"}],"predecessor-version":[{"id":4005,"href":"https:\/\/heimatvereinbersenbrueck.de\/wordpress\/wp-json\/wp\/v2\/pages\/21\/revisions\/4005"}],"up":[{"embeddable":true,"href":"https:\/\/heimatvereinbersenbrueck.de\/wordpress\/wp-json\/wp\/v2\/pages\/2426"}],"wp:attachment":[{"href":"https:\/\/heimatvereinbersenbrueck.de\/wordpress\/wp-json\/wp\/v2\/media?parent=21"}],"curies":[{"name":"wp","href":"https:\/\/api.w.org\/{rel}","templated":true}]}}