{"id":3891,"date":"2025-05-01T11:30:25","date_gmt":"2025-05-01T09:30:25","guid":{"rendered":"https:\/\/heimatvereinbersenbrueck.de\/wordpress\/?page_id=3891"},"modified":"2026-04-06T18:35:55","modified_gmt":"2026-04-06T16:35:55","slug":"maibaum-austellen-2025","status":"publish","type":"page","link":"https:\/\/heimatvereinbersenbrueck.de\/wordpress\/home-2\/inhalte-fuer-2025\/maibaum-austellen-2025\/","title":{"rendered":"Maibaum Austellen 2025"},"content":{"rendered":"\n<p><\/p>\n\n\n\n<p>Am 30.04.2025 fand wieder das tradionelle Aufstellen des Maibaum 2025 bei herrlichem Wetter und reger Beteiligung der Mitglieder und Freunde des Heimatvereins Bersenbr\u00fcck statt.<\/p>\n\n\n\n<p>Die &#8222;Rote Heide&#8220; sorgte f\u00fcr die passende Musik. Ein herzlicher Dank daf\u00fcr. <br><br>Manfred Kalmlage und die Hasejungs D. Adam und A. Hugenberg stimmen Mailieder und Shantys aus Ihrem Programm an, die von Publikum mitgesungen wurden.<\/p>\n\n\n<div class=\"pgc-sgb-cb wp-block-pgcsimplygalleryblock-grid \" data-gallery-id=\"5be36291\"><div class=\"sgb-preloader\" id=\"pr_5be36291\">\n\t<div class=\"sgb-square\" style=\"background:#d4d4d4\"><\/div>\n\t<div class=\"sgb-square\" style=\"background:#d4d4d4\"><\/div>\n\t<div class=\"sgb-square\" style=\"background:#d4d4d4\"><\/div>\n\t<div class=\"sgb-square\" style=\"background:#d4d4d4\"><\/div><\/div><div class=\"simply-gallery-amp pgc_sgb_slider \"><noscript><div class=\"sgb-gallery\"><div class=\"sgb-item\"><a href=\"https:\/\/heimatvereinbersenbrueck.de\/wordpress\/?attachment_id=3878#main\" target=\"_blank\"><img decoding=\"async\" alt=\"\" width=\"620\" height=\"827\" loading=\"lazy\" src=\"https:\/\/heimatvereinbersenbrueck.de\/wordpress\/wp-content\/uploads\/2025\/05\/Maibaum-2025-1-620x827.jpg\" srcset=\"https:\/\/heimatvereinbersenbrueck.de\/wordpress\/wp-content\/uploads\/2025\/05\/Maibaum-2025-1-620x827.jpg 620w,https:\/\/heimatvereinbersenbrueck.de\/wordpress\/wp-content\/uploads\/2025\/05\/Maibaum-2025-1-960x1280.jpg 960w,https:\/\/heimatvereinbersenbrueck.de\/wordpress\/wp-content\/uploads\/2025\/05\/Maibaum-2025-1.jpg 1512w\" sizes=\"auto, 250px\"\/><\/a><\/div><div class=\"sgb-item\"><a href=\"https:\/\/heimatvereinbersenbrueck.de\/wordpress\/?attachment_id=3879#main\" target=\"_blank\"><img decoding=\"async\" alt=\"\" width=\"620\" height=\"465\" loading=\"lazy\" src=\"https:\/\/heimatvereinbersenbrueck.de\/wordpress\/wp-content\/uploads\/2025\/05\/Maibaum-2025-2-620x465.jpg\" srcset=\"https:\/\/heimatvereinbersenbrueck.de\/wordpress\/wp-content\/uploads\/2025\/05\/Maibaum-2025-2-620x465.jpg 620w,https:\/\/heimatvereinbersenbrueck.de\/wordpress\/wp-content\/uploads\/2025\/05\/Maibaum-2025-2-960x720.jpg 960w,https:\/\/heimatvereinbersenbrueck.de\/wordpress\/wp-content\/uploads\/2025\/05\/Maibaum-2025-2.jpg 2016w\" sizes=\"auto, 250px\"\/><\/a><\/div><div class=\"sgb-item\"><a href=\"https:\/\/heimatvereinbersenbrueck.de\/wordpress\/?attachment_id=3880#main\" target=\"_blank\"><img decoding=\"async\" alt=\"\" width=\"620\" height=\"465\" loading=\"lazy\" src=\"https:\/\/heimatvereinbersenbrueck.de\/wordpress\/wp-content\/uploads\/2025\/05\/Maibaum-2025-3-620x465.jpg\" srcset=\"https:\/\/heimatvereinbersenbrueck.de\/wordpress\/wp-content\/uploads\/2025\/05\/Maibaum-2025-3-620x465.jpg 620w,https:\/\/heimatvereinbersenbrueck.de\/wordpress\/wp-content\/uploads\/2025\/05\/Maibaum-2025-3-960x720.jpg 960w,https:\/\/heimatvereinbersenbrueck.de\/wordpress\/wp-content\/uploads\/2025\/05\/Maibaum-2025-3.jpg 2016w\" sizes=\"auto, 250px\"\/><\/a><\/div><div class=\"sgb-item\"><a href=\"https:\/\/heimatvereinbersenbrueck.de\/wordpress\/?attachment_id=3881#main\" target=\"_blank\"><img decoding=\"async\" alt=\"\" width=\"620\" height=\"827\" loading=\"lazy\" src=\"https:\/\/heimatvereinbersenbrueck.de\/wordpress\/wp-content\/uploads\/2025\/05\/Maibaum-2025-4-620x827.jpg\" srcset=\"https:\/\/heimatvereinbersenbrueck.de\/wordpress\/wp-content\/uploads\/2025\/05\/Maibaum-2025-4-620x827.jpg 620w,https:\/\/heimatvereinbersenbrueck.de\/wordpress\/wp-content\/uploads\/2025\/05\/Maibaum-2025-4-960x1280.jpg 960w,https:\/\/heimatvereinbersenbrueck.de\/wordpress\/wp-content\/uploads\/2025\/05\/Maibaum-2025-4.jpg 1512w\" sizes=\"auto, 250px\"\/><\/a><\/div><div class=\"sgb-item\"><a href=\"https:\/\/heimatvereinbersenbrueck.de\/wordpress\/?attachment_id=3882#main\" target=\"_blank\"><img decoding=\"async\" alt=\"\" width=\"620\" height=\"465\" loading=\"lazy\" src=\"https:\/\/heimatvereinbersenbrueck.de\/wordpress\/wp-content\/uploads\/2025\/05\/Maibaum-2025-5-620x465.jpg\" srcset=\"https:\/\/heimatvereinbersenbrueck.de\/wordpress\/wp-content\/uploads\/2025\/05\/Maibaum-2025-5-620x465.jpg 620w,https:\/\/heimatvereinbersenbrueck.de\/wordpress\/wp-content\/uploads\/2025\/05\/Maibaum-2025-5-960x720.jpg 960w,https:\/\/heimatvereinbersenbrueck.de\/wordpress\/wp-content\/uploads\/2025\/05\/Maibaum-2025-5.jpg 2016w\" sizes=\"auto, 250px\"\/><\/a><\/div><\/div><\/noscript><\/div><script type=\"application\/json\" class=\"sgb-data\">{\"galleryType\":\"pgc_sgb_grid\",\"galleryId\":\"5be36291\",\"images\":[{\"id\":3878,\"title\":\"Maibaum 2025-1\",\"url\":\"https:\/\/heimatvereinbersenbrueck.de\/wordpress\/wp-content\/uploads\/2025\/05\/Maibaum-2025-1.jpg\",\"link\":\"https:\/\/heimatvereinbersenbrueck.de\/wordpress\/?attachment_id=3878#main\",\"alt\":\"\",\"description\":\"\",\"caption\":\"\",\"mime\":\"image\/jpeg\",\"type\":\"image\",\"width\":1512,\"height\":2016,\"sizes\":{\"thumbnail\":{\"height\":150,\"width\":150,\"url\":\"https:\/\/heimatvereinbersenbrueck.de\/wordpress\/wp-content\/uploads\/2025\/05\/Maibaum-2025-1-150x150.jpg\",\"orientation\":\"landscape\"},\"medium\":{\"height\":827,\"width\":620,\"url\":\"https:\/\/heimatvereinbersenbrueck.de\/wordpress\/wp-content\/uploads\/2025\/05\/Maibaum-2025-1-620x827.jpg\",\"orientation\":\"portrait\"},\"large\":{\"height\":1280,\"width\":960,\"url\":\"https:\/\/heimatvereinbersenbrueck.de\/wordpress\/wp-content\/uploads\/2025\/05\/Maibaum-2025-1-960x1280.jpg\",\"orientation\":\"portrait\"},\"full\":{\"url\":\"https:\/\/heimatvereinbersenbrueck.de\/wordpress\/wp-content\/uploads\/2025\/05\/Maibaum-2025-1.jpg\",\"height\":2016,\"width\":1512,\"orientation\":\"portrait\"}},\"imageMeta\":{\"aperture\":\"0\",\"credit\":\"\",\"camera\":\"\",\"caption\":\"\",\"created_timestamp\":\"0\",\"copyright\":\"\",\"focal_length\":\"0\",\"iso\":\"0\",\"shutter_speed\":\"0\",\"title\":\"\",\"orientation\":\"0\",\"keywords\":[]},\"meta\":false,\"postlink\":\"https:\/\/heimatvereinbersenbrueck.de\/wordpress\/?attachment_id=3878#main\"},{\"id\":3879,\"title\":\"Maibaum 2025-2\",\"url\":\"https:\/\/heimatvereinbersenbrueck.de\/wordpress\/wp-content\/uploads\/2025\/05\/Maibaum-2025-2.jpg\",\"link\":\"https:\/\/heimatvereinbersenbrueck.de\/wordpress\/?attachment_id=3879#main\",\"alt\":\"\",\"description\":\"\",\"caption\":\"\",\"mime\":\"image\/jpeg\",\"type\":\"image\",\"width\":2016,\"height\":1512,\"sizes\":{\"thumbnail\":{\"height\":150,\"width\":150,\"url\":\"https:\/\/heimatvereinbersenbrueck.de\/wordpress\/wp-content\/uploads\/2025\/05\/Maibaum-2025-2-150x150.jpg\",\"orientation\":\"landscape\"},\"medium\":{\"height\":465,\"width\":620,\"url\":\"https:\/\/heimatvereinbersenbrueck.de\/wordpress\/wp-content\/uploads\/2025\/05\/Maibaum-2025-2-620x465.jpg\",\"orientation\":\"landscape\"},\"large\":{\"height\":720,\"width\":960,\"url\":\"https:\/\/heimatvereinbersenbrueck.de\/wordpress\/wp-content\/uploads\/2025\/05\/Maibaum-2025-2-960x720.jpg\",\"orientation\":\"landscape\"},\"full\":{\"url\":\"https:\/\/heimatvereinbersenbrueck.de\/wordpress\/wp-content\/uploads\/2025\/05\/Maibaum-2025-2.jpg\",\"height\":1512,\"width\":2016,\"orientation\":\"landscape\"}},\"imageMeta\":{\"aperture\":\"0\",\"credit\":\"\",\"camera\":\"\",\"caption\":\"\",\"created_timestamp\":\"0\",\"copyright\":\"\",\"focal_length\":\"0\",\"iso\":\"0\",\"shutter_speed\":\"0\",\"title\":\"\",\"orientation\":\"0\",\"keywords\":[]},\"meta\":false,\"postlink\":\"https:\/\/heimatvereinbersenbrueck.de\/wordpress\/?attachment_id=3879#main\"},{\"id\":3880,\"title\":\"Maibaum 2025-3\",\"url\":\"https:\/\/heimatvereinbersenbrueck.de\/wordpress\/wp-content\/uploads\/2025\/05\/Maibaum-2025-3.jpg\",\"link\":\"https:\/\/heimatvereinbersenbrueck.de\/wordpress\/?attachment_id=3880#main\",\"alt\":\"\",\"description\":\"\",\"caption\":\"\",\"mime\":\"image\/jpeg\",\"type\":\"image\",\"width\":2016,\"height\":1512,\"sizes\":{\"thumbnail\":{\"height\":150,\"width\":150,\"url\":\"https:\/\/heimatvereinbersenbrueck.de\/wordpress\/wp-content\/uploads\/2025\/05\/Maibaum-2025-3-150x150.jpg\",\"orientation\":\"landscape\"},\"medium\":{\"height\":465,\"width\":620,\"url\":\"https:\/\/heimatvereinbersenbrueck.de\/wordpress\/wp-content\/uploads\/2025\/05\/Maibaum-2025-3-620x465.jpg\",\"orientation\":\"landscape\"},\"large\":{\"height\":720,\"width\":960,\"url\":\"https:\/\/heimatvereinbersenbrueck.de\/wordpress\/wp-content\/uploads\/2025\/05\/Maibaum-2025-3-960x720.jpg\",\"orientation\":\"landscape\"},\"full\":{\"url\":\"https:\/\/heimatvereinbersenbrueck.de\/wordpress\/wp-content\/uploads\/2025\/05\/Maibaum-2025-3.jpg\",\"height\":1512,\"width\":2016,\"orientation\":\"landscape\"}},\"imageMeta\":{\"aperture\":\"0\",\"credit\":\"\",\"camera\":\"\",\"caption\":\"\",\"created_timestamp\":\"0\",\"copyright\":\"\",\"focal_length\":\"0\",\"iso\":\"0\",\"shutter_speed\":\"0\",\"title\":\"\",\"orientation\":\"0\",\"keywords\":[]},\"meta\":false,\"postlink\":\"https:\/\/heimatvereinbersenbrueck.de\/wordpress\/?attachment_id=3880#main\"},{\"id\":3881,\"title\":\"Maibaum 2025-4\",\"url\":\"https:\/\/heimatvereinbersenbrueck.de\/wordpress\/wp-content\/uploads\/2025\/05\/Maibaum-2025-4.jpg\",\"link\":\"https:\/\/heimatvereinbersenbrueck.de\/wordpress\/?attachment_id=3881#main\",\"alt\":\"\",\"description\":\"\",\"caption\":\"\",\"mime\":\"image\/jpeg\",\"type\":\"image\",\"width\":1512,\"height\":2016,\"sizes\":{\"thumbnail\":{\"height\":150,\"width\":150,\"url\":\"https:\/\/heimatvereinbersenbrueck.de\/wordpress\/wp-content\/uploads\/2025\/05\/Maibaum-2025-4-150x150.jpg\",\"orientation\":\"landscape\"},\"medium\":{\"height\":827,\"width\":620,\"url\":\"https:\/\/heimatvereinbersenbrueck.de\/wordpress\/wp-content\/uploads\/2025\/05\/Maibaum-2025-4-620x827.jpg\",\"orientation\":\"portrait\"},\"large\":{\"height\":1280,\"width\":960,\"url\":\"https:\/\/heimatvereinbersenbrueck.de\/wordpress\/wp-content\/uploads\/2025\/05\/Maibaum-2025-4-960x1280.jpg\",\"orientation\":\"portrait\"},\"full\":{\"url\":\"https:\/\/heimatvereinbersenbrueck.de\/wordpress\/wp-content\/uploads\/2025\/05\/Maibaum-2025-4.jpg\",\"height\":2016,\"width\":1512,\"orientation\":\"portrait\"}},\"imageMeta\":{\"aperture\":\"0\",\"credit\":\"\",\"camera\":\"\",\"caption\":\"\",\"created_timestamp\":\"0\",\"copyright\":\"\",\"focal_length\":\"0\",\"iso\":\"0\",\"shutter_speed\":\"0\",\"title\":\"\",\"orientation\":\"0\",\"keywords\":[]},\"meta\":false,\"postlink\":\"https:\/\/heimatvereinbersenbrueck.de\/wordpress\/?attachment_id=3881#main\"},{\"id\":3882,\"title\":\"Maibaum 2025-5\",\"url\":\"https:\/\/heimatvereinbersenbrueck.de\/wordpress\/wp-content\/uploads\/2025\/05\/Maibaum-2025-5.jpg\",\"link\":\"https:\/\/heimatvereinbersenbrueck.de\/wordpress\/?attachment_id=3882#main\",\"alt\":\"\",\"description\":\"\",\"caption\":\"\",\"mime\":\"image\/jpeg\",\"type\":\"image\",\"width\":2016,\"height\":1512,\"sizes\":{\"thumbnail\":{\"height\":150,\"width\":150,\"url\":\"https:\/\/heimatvereinbersenbrueck.de\/wordpress\/wp-content\/uploads\/2025\/05\/Maibaum-2025-5-150x150.jpg\",\"orientation\":\"landscape\"},\"medium\":{\"height\":465,\"width\":620,\"url\":\"https:\/\/heimatvereinbersenbrueck.de\/wordpress\/wp-content\/uploads\/2025\/05\/Maibaum-2025-5-620x465.jpg\",\"orientation\":\"landscape\"},\"large\":{\"height\":720,\"width\":960,\"url\":\"https:\/\/heimatvereinbersenbrueck.de\/wordpress\/wp-content\/uploads\/2025\/05\/Maibaum-2025-5-960x720.jpg\",\"orientation\":\"landscape\"},\"full\":{\"url\":\"https:\/\/heimatvereinbersenbrueck.de\/wordpress\/wp-content\/uploads\/2025\/05\/Maibaum-2025-5.jpg\",\"height\":1512,\"width\":2016,\"orientation\":\"landscape\"}},\"imageMeta\":{\"aperture\":\"0\",\"credit\":\"\",\"camera\":\"\",\"caption\":\"\",\"created_timestamp\":\"0\",\"copyright\":\"\",\"focal_length\":\"0\",\"iso\":\"0\",\"shutter_speed\":\"0\",\"title\":\"\",\"orientation\":\"0\",\"keywords\":[]},\"meta\":false,\"postlink\":\"https:\/\/heimatvereinbersenbrueck.de\/wordpress\/?attachment_id=3882#main\"}],\"sliderItemTitleFontSize\":20,\"sliderSlideshow\":false,\"sliderZoomEnable\":false,\"itemsMetaDataCollection\":[]}<\/script><script>(function(){if(window.PGC_SGB && window.PGC_SGB.searcher){window.PGC_SGB.searcher.initBlocks()}})()<\/script><\/div>","protected":false},"excerpt":{"rendered":"<p>Am 30.04.2025 fand wieder das tradionelle Aufstellen des Maibaum 2025 bei herrlichem Wetter und reger Beteiligung der Mitglieder und Freunde des Heimatvereins Bersenbr\u00fcck statt. Die &#8222;Rote Heide&#8220; sorgte f\u00fcr die passende Musik. Ein herzlicher Dank daf\u00fcr. Manfred Kalmlage und die Hasejungs D. Adam und A. Hugenberg stimmen Mailieder und Shantys aus Ihrem Programm an, die von Publikum mitgesungen wurden.<\/p>\n","protected":false},"author":3,"featured_media":3878,"parent":4810,"menu_order":0,"comment_status":"closed","ping_status":"closed","template":"","meta":{"pgc_sgb_lightbox_settings":"","_EventAllDay":false,"_EventTimezone":"","_EventStartDate":"","_EventEndDate":"","_EventStartDateUTC":"","_EventEndDateUTC":"","_EventShowMap":false,"_EventShowMapLink":false,"_EventURL":"","_EventCost":"","_EventCostDescription":"","_EventCurrencySymbol":"","_EventCurrencyCode":"","_EventCurrencyPosition":"","_EventDateTimeSeparator":"","_EventTimeRangeSeparator":"","_EventOrganizerID":[],"_EventVenueID":[],"_OrganizerEmail":"","_OrganizerPhone":"","_OrganizerWebsite":"","_VenueAddress":"","_VenueCity":"","_VenueCountry":"","_VenueProvince":"","_VenueState":"","_VenueZip":"","_VenuePhone":"","_VenueURL":"","_VenueStateProvince":"","_VenueLat":"","_VenueLng":"","_VenueShowMap":false,"_VenueShowMapLink":false,"footnotes":""},"class_list":["post-3891","page","type-page","status-publish","has-post-thumbnail","hentry"],"_links":{"self":[{"href":"https:\/\/heimatvereinbersenbrueck.de\/wordpress\/wp-json\/wp\/v2\/pages\/3891","targetHints":{"allow":["GET"]}}],"collection":[{"href":"https:\/\/heimatvereinbersenbrueck.de\/wordpress\/wp-json\/wp\/v2\/pages"}],"about":[{"href":"https:\/\/heimatvereinbersenbrueck.de\/wordpress\/wp-json\/wp\/v2\/types\/page"}],"author":[{"embeddable":true,"href":"https:\/\/heimatvereinbersenbrueck.de\/wordpress\/wp-json\/wp\/v2\/users\/3"}],"replies":[{"embeddable":true,"href":"https:\/\/heimatvereinbersenbrueck.de\/wordpress\/wp-json\/wp\/v2\/comments?post=3891"}],"version-history":[{"count":3,"href":"https:\/\/heimatvereinbersenbrueck.de\/wordpress\/wp-json\/wp\/v2\/pages\/3891\/revisions"}],"predecessor-version":[{"id":3896,"href":"https:\/\/heimatvereinbersenbrueck.de\/wordpress\/wp-json\/wp\/v2\/pages\/3891\/revisions\/3896"}],"up":[{"embeddable":true,"href":"https:\/\/heimatvereinbersenbrueck.de\/wordpress\/wp-json\/wp\/v2\/pages\/4810"}],"wp:featuredmedia":[{"embeddable":true,"href":"https:\/\/heimatvereinbersenbrueck.de\/wordpress\/wp-json\/wp\/v2\/media\/3878"}],"wp:attachment":[{"href":"https:\/\/heimatvereinbersenbrueck.de\/wordpress\/wp-json\/wp\/v2\/media?parent=3891"}],"curies":[{"name":"wp","href":"https:\/\/api.w.org\/{rel}","templated":true}]}}