{"id":3921,"date":"2025-05-09T10:16:49","date_gmt":"2025-05-09T08:16:49","guid":{"rendered":"https:\/\/heimatvereinbersenbrueck.de\/wordpress\/?page_id=3921"},"modified":"2025-08-23T10:01:12","modified_gmt":"2025-08-23T08:01:12","slug":"heimatverein-bersenbrueck-beteiligte-sich-wieder-an-der-aktion-saubere-landschaft","status":"publish","type":"page","link":"https:\/\/heimatvereinbersenbrueck.de\/wordpress\/home-2\/inhalt-2026-fuer-startseite\/heimatverein-bersenbrueck-beteiligte-sich-wieder-an-der-aktion-saubere-landschaft\/","title":{"rendered":"Heimatverein Bersenbr\u00fcck beteiligte sich wieder an der Aktion &#8220; Saubere Landschaft &#8222;"},"content":{"rendered":"\n<p>Seit Jahren l\u00e4uft \u00fcberregional die Aktion \u201eSaubere Landschaft\u201c, in der es darum geht, die jeweilige Gemeinde von Unrat jeglicher Art zu s\u00e4ubern. <\/p>\n\n\n\n<p>Seit vielen Jahren beteiligt sich auch der Heimatverein Bersenbr\u00fcck daran. Zusammen mit vielen Vereinen und Gruppen aus der Stadt Bersenbr\u00fcck ging es unter der Federf\u00fchrung des Heimatvereins auch in diesem Jahr wieder an die Arbeit. Sehr erfreulich war auch jetzt wieder festzustellen, dass auch Kinder und Jugendliche mit Feuereifer ans Werk gingen.<\/p>\n\n\n\n<p>Die einzelnen Vereine und Gruppen hatten ihre Bereiche zugeteilt bekommen, um \u00dcberschneidungen zu vermeiden. Im Vorfeld wurden Sammels\u00e4cke und Warnwesten von der Abfallentsorgungsfirma AWIGO des Landkreises Osnabr\u00fcck zur Verf\u00fcgung gestellt und verteilt. Getrennt nach einzelnen Abfallarten wurden die vollen S\u00e4cke von den Sammelpunkten abgeholt und zum Bauhof bef\u00f6rdert, wo entsprechende Container zur Aufnahme des M\u00fclls be- reitstanden. <\/p>\n\n\n\n<p>Die Gruppe des Heimatvereins begann ihre Aktion wieder am Bahnhof, wo sich besonders im Umfeld des Parkplatzes eine Menge M\u00fcll angesammelt hatte.<\/p>\n\n\n\n<p>Aus Sicherheitsgr\u00fcnden konnte hinter der Umz\u00e4unung zur Bahnstrecke nicht ges\u00e4ubert werden, obwohl es hier dringend n\u00f6tig gewesen w\u00e4re.<\/p>\n\n\n\n<p> Leere Flaschen aller Art fanden sich in erster Linie an den Ruheb\u00e4nken am Bahn\u00fcbergang. Die Gruppe teilte sich, w\u00e4hrend eine entlang des Walls an der Bahnstrecke und am Regenr\u00fcckhaltebecken sammelte, setzte die andere ihre Aktion entlang der Bahnstrecke der Ankum-Bersenbr\u00fccker Eisenbahn fort.<br><br>Zum Abschluss der Aktion bot der Hei- matverein am Heimathaus Feldm\u00fchle als Dankesch\u00f6n eine St\u00e4rkung mit Grillw\u00fcrstchen und kalten Getr\u00e4nken an. <\/p>\n\n\n\n<p>Der Vorsitzende des Heimatvereins, Franz Buitmann, bedankte sich bei allen Sammlerinnen und Sammlern f\u00fcr ihren Einsatz, der nicht unbedingt selbstverst\u00e4ndlich sei.<\/p>\n\n\n\n<p>Sein Dank ging auch an den Bauhof und die Stadt Bersenbr\u00fcck, die die Kosten f\u00fcr die Bewirtung \u00fcbernimmt. <\/p>\n\n\n\n<p>Allgemein stellte man fest, dass wahrscheinlich bedingt durch die j\u00e4hrliche Sammlung nicht mehr ganz so viel Abfall an- f\u00e4llt. Trotzdem ist auch weiterhin diese Aktion n\u00f6tig und sinnvoll.<\/p>\n\n\n\n<figure class=\"wp-block-image size-full\"><a href=\"https:\/\/heimatvereinbersenbrueck.de\/wordpress\/wp-content\/uploads\/2025\/05\/2025-03_08-Umwelttag.jpg\"><img loading=\"lazy\" decoding=\"async\" width=\"583\" height=\"324\" src=\"https:\/\/heimatvereinbersenbrueck.de\/wordpress\/wp-content\/uploads\/2025\/05\/2025-03_08-Umwelttag.jpg\" alt=\"\" class=\"wp-image-3936\"\/><\/a><\/figure>\n","protected":false},"excerpt":{"rendered":"<p>Seit Jahren l\u00e4uft \u00fcberregional die Aktion \u201eSaubere Landschaft\u201c, in der es darum geht, die jeweilige Gemeinde von Unrat jeglicher Art zu s\u00e4ubern. Seit vielen Jahren beteiligt sich auch der Heimatverein Bersenbr\u00fcck daran. Zusammen mit vielen Vereinen und Gruppen aus der Stadt Bersenbr\u00fcck ging es unter der Federf\u00fchrung des Heimatvereins auch in diesem Jahr wieder an die Arbeit. Sehr erfreulich war <a class=\"more-link\" href=\"https:\/\/heimatvereinbersenbrueck.de\/wordpress\/home-2\/inhalt-2026-fuer-startseite\/heimatverein-bersenbrueck-beteiligte-sich-wieder-an-der-aktion-saubere-landschaft\/\">&lt;weiterlesen&#8230;<\/a><\/p>\n","protected":false},"author":3,"featured_media":3936,"parent":4094,"menu_order":0,"comment_status":"closed","ping_status":"closed","template":"","meta":{"pgc_sgb_lightbox_settings":"","_EventAllDay":false,"_EventTimezone":"","_EventStartDate":"","_EventEndDate":"","_EventStartDateUTC":"","_EventEndDateUTC":"","_EventShowMap":false,"_EventShowMapLink":false,"_EventURL":"","_EventCost":"","_EventCostDescription":"","_EventCurrencySymbol":"","_EventCurrencyCode":"","_EventCurrencyPosition":"","_EventDateTimeSeparator":"","_EventTimeRangeSeparator":"","_EventOrganizerID":[],"_EventVenueID":[],"_OrganizerEmail":"","_OrganizerPhone":"","_OrganizerWebsite":"","_VenueAddress":"","_VenueCity":"","_VenueCountry":"","_VenueProvince":"","_VenueState":"","_VenueZip":"","_VenuePhone":"","_VenueURL":"","_VenueStateProvince":"","_VenueLat":"","_VenueLng":"","_VenueShowMap":false,"_VenueShowMapLink":false,"footnotes":""},"class_list":["post-3921","page","type-page","status-publish","has-post-thumbnail","hentry"],"_links":{"self":[{"href":"https:\/\/heimatvereinbersenbrueck.de\/wordpress\/wp-json\/wp\/v2\/pages\/3921","targetHints":{"allow":["GET"]}}],"collection":[{"href":"https:\/\/heimatvereinbersenbrueck.de\/wordpress\/wp-json\/wp\/v2\/pages"}],"about":[{"href":"https:\/\/heimatvereinbersenbrueck.de\/wordpress\/wp-json\/wp\/v2\/types\/page"}],"author":[{"embeddable":true,"href":"https:\/\/heimatvereinbersenbrueck.de\/wordpress\/wp-json\/wp\/v2\/users\/3"}],"replies":[{"embeddable":true,"href":"https:\/\/heimatvereinbersenbrueck.de\/wordpress\/wp-json\/wp\/v2\/comments?post=3921"}],"version-history":[{"count":6,"href":"https:\/\/heimatvereinbersenbrueck.de\/wordpress\/wp-json\/wp\/v2\/pages\/3921\/revisions"}],"predecessor-version":[{"id":3937,"href":"https:\/\/heimatvereinbersenbrueck.de\/wordpress\/wp-json\/wp\/v2\/pages\/3921\/revisions\/3937"}],"up":[{"embeddable":true,"href":"https:\/\/heimatvereinbersenbrueck.de\/wordpress\/wp-json\/wp\/v2\/pages\/4094"}],"wp:featuredmedia":[{"embeddable":true,"href":"https:\/\/heimatvereinbersenbrueck.de\/wordpress\/wp-json\/wp\/v2\/media\/3936"}],"wp:attachment":[{"href":"https:\/\/heimatvereinbersenbrueck.de\/wordpress\/wp-json\/wp\/v2\/media?parent=3921"}],"curies":[{"name":"wp","href":"https:\/\/api.w.org\/{rel}","templated":true}]}}