{"id":3947,"date":"2025-05-09T10:46:36","date_gmt":"2025-05-09T08:46:36","guid":{"rendered":"https:\/\/heimatvereinbersenbrueck.de\/wordpress\/?page_id=3947"},"modified":"2025-08-23T10:06:17","modified_gmt":"2025-08-23T08:06:17","slug":"viele-hundert-besucher-beim-traditionellen-osterfeuer-des-heimatvereins-bersenbrueck-2","status":"publish","type":"page","link":"https:\/\/heimatvereinbersenbrueck.de\/wordpress\/home-2\/inhalt-2026-fuer-startseite\/viele-hundert-besucher-beim-traditionellen-osterfeuer-des-heimatvereins-bersenbrueck-2\/","title":{"rendered":"Viele hundert Besucher beim traditionellen Osterfeuer des Heimatvereins Bersenbr\u00fcck"},"content":{"rendered":"\n<p>Zu den satzungsm\u00e4\u00dfigen Aufgaben des Heimatvereins Bersenbr\u00fcck geh\u00f6rt auch die Pflege von Brauchtum und Sitte. So lud er wieder zum Abbrennen eines Osterfeuers ein. <\/p>\n\n\n\n<p>Am Ostersonntag wurde hinter dem Flutwehr am Hasestadion der gro\u00dfe Holzsto\u00df angez\u00fcndet. Die Veranstal tung wurde gemeinsam mit dem TuS Bersenbr\u00fcck und der DLRG, Ortsgruppe Bersenbr\u00fcck, durchgef\u00fchrt.<\/p>\n\n\n\n<p> \u201eMit dem Feuer wird auch die dunkle Jahreszeit des Winters beendet, der Fr\u00fchling mit seinen hellen Farben ist eingekehrt. Gleichzeitig symbolisiert das Licht auch die Freude \u00fcber die Auferstehung Jesu zu Ostern\u201c, sagte der Vorsitzende des Heimatvereins Bersenbr\u00fcck, Franz Buitmann, bei seiner Begr\u00fc\u00dfung. <\/p>\n\n\n\n<p>Viele hundert Besucher trafen sich, um in fr\u00f6hlicher Runde einige Stunden bei Grillw\u00fcrstchen und k\u00fchlen Getr\u00e4nken zu verbringen und den ersten Ostertag ausklingen zu lassen.<\/p>\n\n\n\n<p> Dank der Familie Markus hatte der Osterhase, der h\u00f6chst pers\u00f6nlich erschienen war, auch wieder bunte Ostereier mitgebracht.<\/p>\n\n\n\n<p>Seit Wochen wurde Holz f\u00fcr das Osterfeuer angeliefert, der gro\u00dfe Holzsto\u00df wurde kurz vor dem Abbrennen noch einmal vom Heimatfreund Peter Wessling umgeschichtet, damit keine Tiere zu Schaden kommen. Bei trockener Witterung blieb vom Osterfeuer nur ein wenig Asche \u00fcbrig, der Rest wird noch sachgem\u00e4\u00df entsorgt werden.<\/p>\n\n\n\n<figure class=\"wp-block-image size-full\"><a href=\"https:\/\/heimatvereinbersenbrueck.de\/wordpress\/wp-content\/uploads\/2025\/05\/image-1.png\"><img loading=\"lazy\" decoding=\"async\" width=\"848\" height=\"440\" src=\"https:\/\/heimatvereinbersenbrueck.de\/wordpress\/wp-content\/uploads\/2025\/05\/image-1.png\" alt=\"\" class=\"wp-image-3908\" srcset=\"https:\/\/heimatvereinbersenbrueck.de\/wordpress\/wp-content\/uploads\/2025\/05\/image-1.png 848w, https:\/\/heimatvereinbersenbrueck.de\/wordpress\/wp-content\/uploads\/2025\/05\/image-1-620x322.png 620w, https:\/\/heimatvereinbersenbrueck.de\/wordpress\/wp-content\/uploads\/2025\/05\/image-1-768x398.png 768w\" sizes=\"auto, (max-width: 848px) 100vw, 848px\" \/><\/a><\/figure>\n","protected":false},"excerpt":{"rendered":"<p>Zu den satzungsm\u00e4\u00dfigen Aufgaben des Heimatvereins Bersenbr\u00fcck geh\u00f6rt auch die Pflege von Brauchtum und Sitte. So lud er wieder zum Abbrennen eines Osterfeuers ein. Am Ostersonntag wurde hinter dem Flutwehr am Hasestadion der gro\u00dfe Holzsto\u00df angez\u00fcndet. Die Veranstal tung wurde gemeinsam mit dem TuS Bersenbr\u00fcck und der DLRG, Ortsgruppe Bersenbr\u00fcck, durchgef\u00fchrt. \u201eMit dem Feuer wird auch die dunkle Jahreszeit des <a class=\"more-link\" href=\"https:\/\/heimatvereinbersenbrueck.de\/wordpress\/home-2\/inhalt-2026-fuer-startseite\/viele-hundert-besucher-beim-traditionellen-osterfeuer-des-heimatvereins-bersenbrueck-2\/\">&lt;weiterlesen&#8230;<\/a><\/p>\n","protected":false},"author":3,"featured_media":3908,"parent":4094,"menu_order":0,"comment_status":"closed","ping_status":"closed","template":"","meta":{"pgc_sgb_lightbox_settings":"","_EventAllDay":false,"_EventTimezone":"","_EventStartDate":"","_EventEndDate":"","_EventStartDateUTC":"","_EventEndDateUTC":"","_EventShowMap":false,"_EventShowMapLink":false,"_EventURL":"","_EventCost":"","_EventCostDescription":"","_EventCurrencySymbol":"","_EventCurrencyCode":"","_EventCurrencyPosition":"","_EventDateTimeSeparator":"","_EventTimeRangeSeparator":"","_EventOrganizerID":[],"_EventVenueID":[],"_OrganizerEmail":"","_OrganizerPhone":"","_OrganizerWebsite":"","_VenueAddress":"","_VenueCity":"","_VenueCountry":"","_VenueProvince":"","_VenueState":"","_VenueZip":"","_VenuePhone":"","_VenueURL":"","_VenueStateProvince":"","_VenueLat":"","_VenueLng":"","_VenueShowMap":false,"_VenueShowMapLink":false,"footnotes":""},"class_list":["post-3947","page","type-page","status-publish","has-post-thumbnail","hentry"],"_links":{"self":[{"href":"https:\/\/heimatvereinbersenbrueck.de\/wordpress\/wp-json\/wp\/v2\/pages\/3947","targetHints":{"allow":["GET"]}}],"collection":[{"href":"https:\/\/heimatvereinbersenbrueck.de\/wordpress\/wp-json\/wp\/v2\/pages"}],"about":[{"href":"https:\/\/heimatvereinbersenbrueck.de\/wordpress\/wp-json\/wp\/v2\/types\/page"}],"author":[{"embeddable":true,"href":"https:\/\/heimatvereinbersenbrueck.de\/wordpress\/wp-json\/wp\/v2\/users\/3"}],"replies":[{"embeddable":true,"href":"https:\/\/heimatvereinbersenbrueck.de\/wordpress\/wp-json\/wp\/v2\/comments?post=3947"}],"version-history":[{"count":2,"href":"https:\/\/heimatvereinbersenbrueck.de\/wordpress\/wp-json\/wp\/v2\/pages\/3947\/revisions"}],"predecessor-version":[{"id":3958,"href":"https:\/\/heimatvereinbersenbrueck.de\/wordpress\/wp-json\/wp\/v2\/pages\/3947\/revisions\/3958"}],"up":[{"embeddable":true,"href":"https:\/\/heimatvereinbersenbrueck.de\/wordpress\/wp-json\/wp\/v2\/pages\/4094"}],"wp:featuredmedia":[{"embeddable":true,"href":"https:\/\/heimatvereinbersenbrueck.de\/wordpress\/wp-json\/wp\/v2\/media\/3908"}],"wp:attachment":[{"href":"https:\/\/heimatvereinbersenbrueck.de\/wordpress\/wp-json\/wp\/v2\/media?parent=3947"}],"curies":[{"name":"wp","href":"https:\/\/api.w.org\/{rel}","templated":true}]}}