{"id":4,"date":"2010-10-15T18:14:21","date_gmt":"2010-10-15T18:14:21","guid":{"rendered":"http:\/\/heimatvereinbersenbrueck.de\/wordpress\/?page_id=4"},"modified":"2026-04-15T07:09:13","modified_gmt":"2026-04-15T05:09:13","slug":"vorstand","status":"publish","type":"page","link":"https:\/\/heimatvereinbersenbrueck.de\/wordpress\/ueber-uns\/vorstand\/","title":{"rendered":"Vorstand"},"content":{"rendered":"\n<p><style>\/*! elementor - v3.12.2 - 23-04-2023 *\/<br \/>\n.elementor-widget-image{text-align:center}.elementor-widget-image a{display:inline-block}.elementor-widget-image a img[src$=\".svg\"]{width:48px}.elementor-widget-image img{vertical-align:middle;display:inline-block}<\/style><\/p>\n\n\n\n<figure class=\"wp-block-table\"><table><tbody><tr><td><em><strong>Vorstand<\/strong><\/em><\/td><td>&nbsp;<\/td><td>Franz Buitmann<br>GreifenhagenerStr.20<br>49593 Bersenbr\u00fcck<br>Tel: 05439 1241<\/td><td>&nbsp;<\/td><td>&nbsp;<\/td><td>&nbsp;<\/td><\/tr><tr><td><em><strong>Stellv. Vorsitzender<\/strong><\/em><\/td><td>&nbsp;<\/td><td>Manfred Kalmlage<br>Gartenstr. 10<br>49593 Bersenbr\u00fcck<br>Tel: 05439 46 61 20<\/td><td>&nbsp;<\/td><td>&nbsp;<\/td><td>&nbsp;<\/td><\/tr><tr><td><em><strong>Gesch\u00e4ftsf\u00fchrer<\/strong><\/em>in<\/td><td>&nbsp;<\/td><td>Beate Heuberger\u00a0<br>Schillerstra\u00dfe 35<br>49593 Bersenbr\u00fcck<br>Tel: 05439 6029308<\/td><td>&nbsp;<\/td><td>&nbsp;<\/td><td>&nbsp;<\/td><\/tr><tr><td><em><strong>Kassenwart<\/strong><\/em><\/td><td>&nbsp;<\/td><td>Matthias Wesselkamp&nbsp;<br>Am Holzplatz 7<br>49593 Bersenbr\u00fcck<br>Tel: 0171 9784593<\/td><td>&nbsp;<\/td><td>&nbsp;<\/td><td>&nbsp;<\/td><\/tr><tr><td><em><strong> stv. Gesch\u00e4ftsf\u00fchrer<\/strong><\/em><\/td><td>&nbsp;<\/td><td>Hermann Winner<br>Gehrder Str. 19<br>49593 Bersenbr\u00fcck<br>Tel: 0172 719 8487<\/td><td>&nbsp;<\/td><td>&nbsp;<\/td><td>&nbsp;<\/td><\/tr><tr><td><em><strong>Erweiterter Vorstand z.Z.<\/strong><\/em><\/td><td>&nbsp;<\/td><td>Heinz Drucks<br><p>Karl W. Mertens<br>Reinhard P\u00f6ttker (Webmaster)<br>Hermann Sattinger&nbsp;<br>Wolfgang Rehkamp&nbsp;<\/p><\/td><td>&nbsp;<\/td><td>&nbsp;<\/td><td>&nbsp;<\/td><\/tr><\/tbody><\/table><\/figure>\n\n\n\n<figure class=\"wp-block-image size-large\"><a href=\"https:\/\/heimatvereinbersenbrueck.de\/wordpress\/wp-content\/uploads\/2025\/10\/Heimatverein-Vorstand.Foto-Reinhard-Rehkamp-31-scaled.jpg\"><img loading=\"lazy\" decoding=\"async\" width=\"960\" height=\"640\" src=\"https:\/\/heimatvereinbersenbrueck.de\/wordpress\/wp-content\/uploads\/2025\/10\/Heimatverein-Vorstand.Foto-Reinhard-Rehkamp-31-960x640.jpg\" alt=\"\" class=\"wp-image-4465\" srcset=\"https:\/\/heimatvereinbersenbrueck.de\/wordpress\/wp-content\/uploads\/2025\/10\/Heimatverein-Vorstand.Foto-Reinhard-Rehkamp-31-960x640.jpg 960w, https:\/\/heimatvereinbersenbrueck.de\/wordpress\/wp-content\/uploads\/2025\/10\/Heimatverein-Vorstand.Foto-Reinhard-Rehkamp-31-620x413.jpg 620w, https:\/\/heimatvereinbersenbrueck.de\/wordpress\/wp-content\/uploads\/2025\/10\/Heimatverein-Vorstand.Foto-Reinhard-Rehkamp-31-768x512.jpg 768w, https:\/\/heimatvereinbersenbrueck.de\/wordpress\/wp-content\/uploads\/2025\/10\/Heimatverein-Vorstand.Foto-Reinhard-Rehkamp-31-1536x1024.jpg 1536w, https:\/\/heimatvereinbersenbrueck.de\/wordpress\/wp-content\/uploads\/2025\/10\/Heimatverein-Vorstand.Foto-Reinhard-Rehkamp-31-2048x1365.jpg 2048w\" sizes=\"auto, (max-width: 960px) 100vw, 960px\" \/><\/a><\/figure>\n","protected":false},"excerpt":{"rendered":"<p>Vorstand &nbsp; Franz BuitmannGreifenhagenerStr.2049593 Bersenbr\u00fcckTel: 05439 1241 &nbsp; &nbsp; &nbsp; Stellv. Vorsitzender &nbsp; Manfred KalmlageGartenstr. 1049593 Bersenbr\u00fcckTel: 05439 46 61 20 &nbsp; &nbsp; &nbsp; Gesch\u00e4ftsf\u00fchrerin &nbsp; Beate Heuberger\u00a0Schillerstra\u00dfe 3549593 Bersenbr\u00fcckTel: 05439 6029308 &nbsp; &nbsp; &nbsp; Kassenwart &nbsp; Matthias Wesselkamp&nbsp;Am Holzplatz 749593 Bersenbr\u00fcckTel: 0171 9784593 &nbsp; &nbsp; &nbsp; stv. Gesch\u00e4ftsf\u00fchrer &nbsp; Hermann WinnerGehrder Str. 1949593 Bersenbr\u00fcckTel: 0172 719 8487 &nbsp; &nbsp; <a class=\"more-link\" href=\"https:\/\/heimatvereinbersenbrueck.de\/wordpress\/ueber-uns\/vorstand\/\">&lt;weiterlesen&#8230;<\/a><\/p>\n","protected":false},"author":3,"featured_media":0,"parent":2426,"menu_order":2,"comment_status":"closed","ping_status":"closed","template":"","meta":{"pgc_sgb_lightbox_settings":"","_EventAllDay":false,"_EventTimezone":"","_EventStartDate":"","_EventEndDate":"","_EventStartDateUTC":"","_EventEndDateUTC":"","_EventShowMap":false,"_EventShowMapLink":false,"_EventURL":"","_EventCost":"","_EventCostDescription":"","_EventCurrencySymbol":"","_EventCurrencyCode":"","_EventCurrencyPosition":"","_EventDateTimeSeparator":"","_EventTimeRangeSeparator":"","_EventOrganizerID":[],"_EventVenueID":[],"_OrganizerEmail":"","_OrganizerPhone":"","_OrganizerWebsite":"","_VenueAddress":"","_VenueCity":"","_VenueCountry":"","_VenueProvince":"","_VenueState":"","_VenueZip":"","_VenuePhone":"","_VenueURL":"","_VenueStateProvince":"","_VenueLat":"","_VenueLng":"","_VenueShowMap":false,"_VenueShowMapLink":false,"footnotes":""},"class_list":["post-4","page","type-page","status-publish","hentry"],"_links":{"self":[{"href":"https:\/\/heimatvereinbersenbrueck.de\/wordpress\/wp-json\/wp\/v2\/pages\/4","targetHints":{"allow":["GET"]}}],"collection":[{"href":"https:\/\/heimatvereinbersenbrueck.de\/wordpress\/wp-json\/wp\/v2\/pages"}],"about":[{"href":"https:\/\/heimatvereinbersenbrueck.de\/wordpress\/wp-json\/wp\/v2\/types\/page"}],"author":[{"embeddable":true,"href":"https:\/\/heimatvereinbersenbrueck.de\/wordpress\/wp-json\/wp\/v2\/users\/3"}],"replies":[{"embeddable":true,"href":"https:\/\/heimatvereinbersenbrueck.de\/wordpress\/wp-json\/wp\/v2\/comments?post=4"}],"version-history":[{"count":48,"href":"https:\/\/heimatvereinbersenbrueck.de\/wordpress\/wp-json\/wp\/v2\/pages\/4\/revisions"}],"predecessor-version":[{"id":4817,"href":"https:\/\/heimatvereinbersenbrueck.de\/wordpress\/wp-json\/wp\/v2\/pages\/4\/revisions\/4817"}],"up":[{"embeddable":true,"href":"https:\/\/heimatvereinbersenbrueck.de\/wordpress\/wp-json\/wp\/v2\/pages\/2426"}],"wp:attachment":[{"href":"https:\/\/heimatvereinbersenbrueck.de\/wordpress\/wp-json\/wp\/v2\/media?parent=4"}],"curies":[{"name":"wp","href":"https:\/\/api.w.org\/{rel}","templated":true}]}}