{"id":4475,"date":"2025-10-16T08:31:07","date_gmt":"2025-10-16T06:31:07","guid":{"rendered":"https:\/\/heimatvereinbersenbrueck.de\/wordpress\/?page_id=4475"},"modified":"2026-04-06T18:35:13","modified_gmt":"2026-04-06T16:35:13","slug":"der-heimatverein-hat-bei-der-verleihung-des-klimaschutzpreises-den-ersten-platz-belegt-und-einen-preis-in-hoehe-von-1250e-gewonnen","status":"publish","type":"page","link":"https:\/\/heimatvereinbersenbrueck.de\/wordpress\/home-2\/inhalt-2026-fuer-startseite\/der-heimatverein-hat-bei-der-verleihung-des-klimaschutzpreises-den-ersten-platz-belegt-und-einen-preis-in-hoehe-von-1250e-gewonnen\/","title":{"rendered":"Der Heimatverein hat bei der Verleihung des Klimaschutzpreises den ersten Platz belegt und einen Preis in H\u00f6he von\u00a01250\u20ac\u00a0gewonnen."},"content":{"rendered":"\n<p><\/p>\n\n\n\n<p>Herzlichen Gl\u00fcckwunsch allen Preistr\u00e4gern des Klimaschutzpreises  2025<br>verliehen f\u00fcr durch die Westnetz:<\/p>\n\n\n\n<p> 1. Platz Heimatverein Bersenbr\u00fcck (1.250 \u20ac), <br>2. Platz SC Rieste (750 \u20ac),<br>3. Platz Heimatverein Kettenkamp\u00a0(500\u00a0\u20ac)<\/p>\n\n\n\n<figure class=\"wp-block-image size-large\"><a href=\"https:\/\/heimatvereinbersenbrueck.de\/wordpress\/wp-content\/uploads\/2025\/10\/Preistraeger-2025-Klimaschutzpreis-verliehen-durch-die-Westnetz.jpg\"><img loading=\"lazy\" decoding=\"async\" width=\"960\" height=\"1280\" src=\"https:\/\/heimatvereinbersenbrueck.de\/wordpress\/wp-content\/uploads\/2025\/10\/Preistraeger-2025-Klimaschutzpreis-verliehen-durch-die-Westnetz-960x1280.jpg\" alt=\"\" class=\"wp-image-4479\" srcset=\"https:\/\/heimatvereinbersenbrueck.de\/wordpress\/wp-content\/uploads\/2025\/10\/Preistraeger-2025-Klimaschutzpreis-verliehen-durch-die-Westnetz-960x1280.jpg 960w, https:\/\/heimatvereinbersenbrueck.de\/wordpress\/wp-content\/uploads\/2025\/10\/Preistraeger-2025-Klimaschutzpreis-verliehen-durch-die-Westnetz-620x827.jpg 620w, https:\/\/heimatvereinbersenbrueck.de\/wordpress\/wp-content\/uploads\/2025\/10\/Preistraeger-2025-Klimaschutzpreis-verliehen-durch-die-Westnetz-768x1024.jpg 768w, https:\/\/heimatvereinbersenbrueck.de\/wordpress\/wp-content\/uploads\/2025\/10\/Preistraeger-2025-Klimaschutzpreis-verliehen-durch-die-Westnetz-1152x1536.jpg 1152w, https:\/\/heimatvereinbersenbrueck.de\/wordpress\/wp-content\/uploads\/2025\/10\/Preistraeger-2025-Klimaschutzpreis-verliehen-durch-die-Westnetz.jpg 1512w\" sizes=\"auto, (max-width: 960px) 100vw, 960px\" \/><\/a><\/figure>\n","protected":false},"excerpt":{"rendered":"<p>Herzlichen Gl\u00fcckwunsch allen Preistr\u00e4gern des Klimaschutzpreises 2025verliehen f\u00fcr durch die Westnetz: 1. Platz Heimatverein Bersenbr\u00fcck (1.250 \u20ac), 2. Platz SC Rieste (750 \u20ac),3. Platz Heimatverein Kettenkamp\u00a0(500\u00a0\u20ac)<\/p>\n","protected":false},"author":3,"featured_media":4477,"parent":4094,"menu_order":0,"comment_status":"closed","ping_status":"closed","template":"","meta":{"pgc_sgb_lightbox_settings":"","_EventAllDay":false,"_EventTimezone":"","_EventStartDate":"","_EventEndDate":"","_EventStartDateUTC":"","_EventEndDateUTC":"","_EventShowMap":false,"_EventShowMapLink":false,"_EventURL":"","_EventCost":"","_EventCostDescription":"","_EventCurrencySymbol":"","_EventCurrencyCode":"","_EventCurrencyPosition":"","_EventDateTimeSeparator":"","_EventTimeRangeSeparator":"","_EventOrganizerID":[],"_EventVenueID":[],"_OrganizerEmail":"","_OrganizerPhone":"","_OrganizerWebsite":"","_VenueAddress":"","_VenueCity":"","_VenueCountry":"","_VenueProvince":"","_VenueState":"","_VenueZip":"","_VenuePhone":"","_VenueURL":"","_VenueStateProvince":"","_VenueLat":"","_VenueLng":"","_VenueShowMap":false,"_VenueShowMapLink":false,"footnotes":""},"class_list":["post-4475","page","type-page","status-publish","has-post-thumbnail","hentry"],"_links":{"self":[{"href":"https:\/\/heimatvereinbersenbrueck.de\/wordpress\/wp-json\/wp\/v2\/pages\/4475","targetHints":{"allow":["GET"]}}],"collection":[{"href":"https:\/\/heimatvereinbersenbrueck.de\/wordpress\/wp-json\/wp\/v2\/pages"}],"about":[{"href":"https:\/\/heimatvereinbersenbrueck.de\/wordpress\/wp-json\/wp\/v2\/types\/page"}],"author":[{"embeddable":true,"href":"https:\/\/heimatvereinbersenbrueck.de\/wordpress\/wp-json\/wp\/v2\/users\/3"}],"replies":[{"embeddable":true,"href":"https:\/\/heimatvereinbersenbrueck.de\/wordpress\/wp-json\/wp\/v2\/comments?post=4475"}],"version-history":[{"count":2,"href":"https:\/\/heimatvereinbersenbrueck.de\/wordpress\/wp-json\/wp\/v2\/pages\/4475\/revisions"}],"predecessor-version":[{"id":4480,"href":"https:\/\/heimatvereinbersenbrueck.de\/wordpress\/wp-json\/wp\/v2\/pages\/4475\/revisions\/4480"}],"up":[{"embeddable":true,"href":"https:\/\/heimatvereinbersenbrueck.de\/wordpress\/wp-json\/wp\/v2\/pages\/4094"}],"wp:featuredmedia":[{"embeddable":true,"href":"https:\/\/heimatvereinbersenbrueck.de\/wordpress\/wp-json\/wp\/v2\/media\/4477"}],"wp:attachment":[{"href":"https:\/\/heimatvereinbersenbrueck.de\/wordpress\/wp-json\/wp\/v2\/media?parent=4475"}],"curies":[{"name":"wp","href":"https:\/\/api.w.org\/{rel}","templated":true}]}}