{"id":4558,"date":"2025-12-30T12:06:56","date_gmt":"2025-12-30T11:06:56","guid":{"rendered":"https:\/\/heimatvereinbersenbrueck.de\/wordpress\/?page_id=4558"},"modified":"2025-12-30T14:06:11","modified_gmt":"2025-12-30T13:06:11","slug":"vorweihnachtliches-konzert","status":"publish","type":"page","link":"https:\/\/heimatvereinbersenbrueck.de\/wordpress\/home-2\/inhalt-2026-fuer-startseite\/vorweihnachtliches-konzert\/","title":{"rendered":"Vorweihnachtliches Konzert mit dem Shanty-Chor \u201eHasejungs\u201c im voll besetzten Heimathaus Feldm\u00fchle des Heimatvereins Bersenbr\u00fcck"},"content":{"rendered":"\n<p>Seit mehreren Jahren l\u00e4dt der Heimatverein Bersenbr\u00fcck zu einem vorweihnachtlichen Konzert im Heimathaus Feldm\u00fchle am flackernden Kamin ein. Viele Jahre traten die \u201eDriewers\u201c aus Bramsche auf, auch die \u201eBeekenquakers\u201c aus Gehrde waren schon vertreten. <\/p>\n\n\n\n<p>In diesem Jahr bestritt der Shanty-Chor \u201eHasejungs\u201c aus Badbergen erneut den Abend. Geleitet und moderiert wurde er von Dieter Adam. Ein voll besetztes Heimathaus konnte der Vorsitzende des Heimatvereins, Franz Buitmann, in seiner Begr\u00fc\u00dfung vermelden. Er begr\u00fc\u00dfte nicht nur Mitglieder des Heimatvereins, auch G\u00e4ste hatten den Weg ins Heimathaus gefunden, sein besonderer Gru\u00df galt dem Ehrenmitglied Alois K\u00fcthe. <\/p>\n\n\n\n<p>Mit dem Abend, so der Vorsitzende, wolle man in all der Hektik der Vorweihnachtszeit ein wenig innehalten und sich auf den wahren Kern von Weihnachten besinnen. Das gemeinsame Singen der altvertrauten Advents- und Weihnachtslieder bringe sicher auch Erinnerungen an fr\u00fchere Zeiten, besonders auch an die Kinder- und Jugendzeit. Lieder in Plattdeutsch seien auch ein Beitrag zur Pflege dieses alten Kulturgutes.<\/p>\n\n\n\n<p>Im ersten Teil der Veranstaltung brachte der Chor Lieder aus dem eigenen Repertoire, also Lieder rund um die Seefahrt. Es folgten dann im zweiten Teil Lieder zur Advents- und Weihnachtszeit, im dritten Teil schlie\u00dflich wurden gemeinsam Advents- und Weihnachtslieder gesungen. In den Pausen wurden Gl\u00fchwein und andere Getr\u00e4nke sowie Weihnachtsgeb\u00e4ck angeboten.<\/p>\n\n\n\n<p><strong>Der Shanty-Chor \u201eHasejungs\u201c aus Badbergen trat im Heimathaus Feldm\u00fchle des Heimatvereins Bersenbr\u00fcck mit einem vorweihnachtlichen Konzert auf.<\/strong> <br><strong>Foto: Franz Buitmann<\/strong><\/p>\n\n\n\n<figure class=\"wp-block-image size-large\"><a href=\"https:\/\/heimatvereinbersenbrueck.de\/wordpress\/wp-content\/uploads\/2025\/12\/Vorweihnachtliches-Konzert-im-Heimathaus-Feldmuehle-4.jpg\"><img loading=\"lazy\" decoding=\"async\" width=\"960\" height=\"720\" src=\"https:\/\/heimatvereinbersenbrueck.de\/wordpress\/wp-content\/uploads\/2025\/12\/Vorweihnachtliches-Konzert-im-Heimathaus-Feldmuehle-4-960x720.jpg\" alt=\"Der Shanty-Chor \u201eHasejungs\u201c aus Badbergen trat im Heimathaus Feldm\u00fchle des Heimatvereins Bersenbr\u00fcck mit einem vorweihnachtlichen Konzert auf.\n\n\" class=\"wp-image-4567\" srcset=\"https:\/\/heimatvereinbersenbrueck.de\/wordpress\/wp-content\/uploads\/2025\/12\/Vorweihnachtliches-Konzert-im-Heimathaus-Feldmuehle-4-960x720.jpg 960w, https:\/\/heimatvereinbersenbrueck.de\/wordpress\/wp-content\/uploads\/2025\/12\/Vorweihnachtliches-Konzert-im-Heimathaus-Feldmuehle-4-620x465.jpg 620w, https:\/\/heimatvereinbersenbrueck.de\/wordpress\/wp-content\/uploads\/2025\/12\/Vorweihnachtliches-Konzert-im-Heimathaus-Feldmuehle-4-768x576.jpg 768w, https:\/\/heimatvereinbersenbrueck.de\/wordpress\/wp-content\/uploads\/2025\/12\/Vorweihnachtliches-Konzert-im-Heimathaus-Feldmuehle-4-1536x1152.jpg 1536w, https:\/\/heimatvereinbersenbrueck.de\/wordpress\/wp-content\/uploads\/2025\/12\/Vorweihnachtliches-Konzert-im-Heimathaus-Feldmuehle-4-350x263.jpg 350w, https:\/\/heimatvereinbersenbrueck.de\/wordpress\/wp-content\/uploads\/2025\/12\/Vorweihnachtliches-Konzert-im-Heimathaus-Feldmuehle-4-780x586.jpg 780w, https:\/\/heimatvereinbersenbrueck.de\/wordpress\/wp-content\/uploads\/2025\/12\/Vorweihnachtliches-Konzert-im-Heimathaus-Feldmuehle-4-250x188.jpg 250w, https:\/\/heimatvereinbersenbrueck.de\/wordpress\/wp-content\/uploads\/2025\/12\/Vorweihnachtliches-Konzert-im-Heimathaus-Feldmuehle-4.jpg 2016w\" sizes=\"auto, (max-width: 960px) 100vw, 960px\" \/><\/a><\/figure>\n\n\n\n<figure class=\"wp-block-gallery has-nested-images columns-default is-cropped wp-block-gallery-1 is-layout-flex wp-block-gallery-is-layout-flex\">\n<figure class=\"wp-block-image size-large\"><a href=\"https:\/\/heimatvereinbersenbrueck.de\/wordpress\/wp-content\/uploads\/2025\/12\/Vorweihnachtliches-Konzert-im-Heimathaus-Feldmuehle-2.jpg\"><img loading=\"lazy\" decoding=\"async\" width=\"960\" height=\"1280\" data-id=\"4569\" src=\"https:\/\/heimatvereinbersenbrueck.de\/wordpress\/wp-content\/uploads\/2025\/12\/Vorweihnachtliches-Konzert-im-Heimathaus-Feldmuehle-2-960x1280.jpg\" alt=\"\" class=\"wp-image-4569\" srcset=\"https:\/\/heimatvereinbersenbrueck.de\/wordpress\/wp-content\/uploads\/2025\/12\/Vorweihnachtliches-Konzert-im-Heimathaus-Feldmuehle-2-960x1280.jpg 960w, https:\/\/heimatvereinbersenbrueck.de\/wordpress\/wp-content\/uploads\/2025\/12\/Vorweihnachtliches-Konzert-im-Heimathaus-Feldmuehle-2-620x827.jpg 620w, https:\/\/heimatvereinbersenbrueck.de\/wordpress\/wp-content\/uploads\/2025\/12\/Vorweihnachtliches-Konzert-im-Heimathaus-Feldmuehle-2-768x1024.jpg 768w, https:\/\/heimatvereinbersenbrueck.de\/wordpress\/wp-content\/uploads\/2025\/12\/Vorweihnachtliches-Konzert-im-Heimathaus-Feldmuehle-2-1152x1536.jpg 1152w, https:\/\/heimatvereinbersenbrueck.de\/wordpress\/wp-content\/uploads\/2025\/12\/Vorweihnachtliches-Konzert-im-Heimathaus-Feldmuehle-2.jpg 1512w\" sizes=\"auto, (max-width: 960px) 100vw, 960px\" \/><\/a><figcaption class=\"wp-element-caption\">Solist  Adam<br>Shanty-Chor \u201eHasejungs\u201c <\/figcaption><\/figure>\n\n\n\n<figure class=\"wp-block-image size-large\"><a href=\"https:\/\/heimatvereinbersenbrueck.de\/wordpress\/wp-content\/uploads\/2025\/12\/Vorweihnachtliches-Konzert-im-Heimathaus-Feldmuehle-3.jpg\"><img loading=\"lazy\" decoding=\"async\" width=\"960\" height=\"720\" data-id=\"4568\" src=\"https:\/\/heimatvereinbersenbrueck.de\/wordpress\/wp-content\/uploads\/2025\/12\/Vorweihnachtliches-Konzert-im-Heimathaus-Feldmuehle-3-960x720.jpg\" alt=\"\" class=\"wp-image-4568\" srcset=\"https:\/\/heimatvereinbersenbrueck.de\/wordpress\/wp-content\/uploads\/2025\/12\/Vorweihnachtliches-Konzert-im-Heimathaus-Feldmuehle-3-960x720.jpg 960w, https:\/\/heimatvereinbersenbrueck.de\/wordpress\/wp-content\/uploads\/2025\/12\/Vorweihnachtliches-Konzert-im-Heimathaus-Feldmuehle-3-620x465.jpg 620w, https:\/\/heimatvereinbersenbrueck.de\/wordpress\/wp-content\/uploads\/2025\/12\/Vorweihnachtliches-Konzert-im-Heimathaus-Feldmuehle-3-768x576.jpg 768w, https:\/\/heimatvereinbersenbrueck.de\/wordpress\/wp-content\/uploads\/2025\/12\/Vorweihnachtliches-Konzert-im-Heimathaus-Feldmuehle-3-1536x1152.jpg 1536w, https:\/\/heimatvereinbersenbrueck.de\/wordpress\/wp-content\/uploads\/2025\/12\/Vorweihnachtliches-Konzert-im-Heimathaus-Feldmuehle-3-350x263.jpg 350w, https:\/\/heimatvereinbersenbrueck.de\/wordpress\/wp-content\/uploads\/2025\/12\/Vorweihnachtliches-Konzert-im-Heimathaus-Feldmuehle-3-780x586.jpg 780w, https:\/\/heimatvereinbersenbrueck.de\/wordpress\/wp-content\/uploads\/2025\/12\/Vorweihnachtliches-Konzert-im-Heimathaus-Feldmuehle-3-250x188.jpg 250w, https:\/\/heimatvereinbersenbrueck.de\/wordpress\/wp-content\/uploads\/2025\/12\/Vorweihnachtliches-Konzert-im-Heimathaus-Feldmuehle-3.jpg 2016w\" sizes=\"auto, (max-width: 960px) 100vw, 960px\" \/><\/a><figcaption class=\"wp-element-caption\">Auftritt 2025 <br> Shanty-Chor \u201eHasejungs\u201c <\/figcaption><\/figure>\n\n\n\n<figure class=\"wp-block-image size-large\"><a href=\"https:\/\/heimatvereinbersenbrueck.de\/wordpress\/wp-content\/uploads\/2025\/12\/Vorweihnachtliches-Konzert-im-Heimathaus-Feldmuehle-1.jpg\"><img loading=\"lazy\" decoding=\"async\" width=\"960\" height=\"720\" data-id=\"4570\" src=\"https:\/\/heimatvereinbersenbrueck.de\/wordpress\/wp-content\/uploads\/2025\/12\/Vorweihnachtliches-Konzert-im-Heimathaus-Feldmuehle-1-960x720.jpg\" alt=\"\" class=\"wp-image-4570\" srcset=\"https:\/\/heimatvereinbersenbrueck.de\/wordpress\/wp-content\/uploads\/2025\/12\/Vorweihnachtliches-Konzert-im-Heimathaus-Feldmuehle-1-960x720.jpg 960w, https:\/\/heimatvereinbersenbrueck.de\/wordpress\/wp-content\/uploads\/2025\/12\/Vorweihnachtliches-Konzert-im-Heimathaus-Feldmuehle-1-620x465.jpg 620w, https:\/\/heimatvereinbersenbrueck.de\/wordpress\/wp-content\/uploads\/2025\/12\/Vorweihnachtliches-Konzert-im-Heimathaus-Feldmuehle-1-768x576.jpg 768w, https:\/\/heimatvereinbersenbrueck.de\/wordpress\/wp-content\/uploads\/2025\/12\/Vorweihnachtliches-Konzert-im-Heimathaus-Feldmuehle-1-1536x1152.jpg 1536w, https:\/\/heimatvereinbersenbrueck.de\/wordpress\/wp-content\/uploads\/2025\/12\/Vorweihnachtliches-Konzert-im-Heimathaus-Feldmuehle-1-350x263.jpg 350w, https:\/\/heimatvereinbersenbrueck.de\/wordpress\/wp-content\/uploads\/2025\/12\/Vorweihnachtliches-Konzert-im-Heimathaus-Feldmuehle-1-780x586.jpg 780w, https:\/\/heimatvereinbersenbrueck.de\/wordpress\/wp-content\/uploads\/2025\/12\/Vorweihnachtliches-Konzert-im-Heimathaus-Feldmuehle-1-250x188.jpg 250w, https:\/\/heimatvereinbersenbrueck.de\/wordpress\/wp-content\/uploads\/2025\/12\/Vorweihnachtliches-Konzert-im-Heimathaus-Feldmuehle-1.jpg 2016w\" sizes=\"auto, (max-width: 960px) 100vw, 960px\" \/><\/a><figcaption class=\"wp-element-caption\">Solist : Manfred Kalmlage Shanty-Chor \u201eHasejungs\u201c<\/figcaption><\/figure>\n<\/figure>\n\n\n\n<p><\/p>\n","protected":false},"excerpt":{"rendered":"<p>Seit mehreren Jahren l\u00e4dt der Heimatverein Bersenbr\u00fcck zu einem vorweihnachtlichen Konzert im Heimathaus Feldm\u00fchle am flackernden Kamin ein. Viele Jahre traten die \u201eDriewers\u201c aus Bramsche auf, auch die \u201eBeekenquakers\u201c aus Gehrde waren schon vertreten. In diesem Jahr bestritt der Shanty-Chor \u201eHasejungs\u201c aus Badbergen erneut den Abend. Geleitet und moderiert wurde er von Dieter Adam. Ein voll besetztes Heimathaus konnte der <a class=\"more-link\" href=\"https:\/\/heimatvereinbersenbrueck.de\/wordpress\/home-2\/inhalt-2026-fuer-startseite\/vorweihnachtliches-konzert\/\">&lt;weiterlesen&#8230;<\/a><\/p>\n","protected":false},"author":3,"featured_media":4571,"parent":4094,"menu_order":0,"comment_status":"closed","ping_status":"closed","template":"","meta":{"pgc_sgb_lightbox_settings":"","_EventAllDay":false,"_EventTimezone":"","_EventStartDate":"","_EventEndDate":"","_EventStartDateUTC":"","_EventEndDateUTC":"","_EventShowMap":false,"_EventShowMapLink":false,"_EventURL":"","_EventCost":"","_EventCostDescription":"","_EventCurrencySymbol":"","_EventCurrencyCode":"","_EventCurrencyPosition":"","_EventDateTimeSeparator":"","_EventTimeRangeSeparator":"","_EventOrganizerID":[],"_EventVenueID":[],"_OrganizerEmail":"","_OrganizerPhone":"","_OrganizerWebsite":"","_VenueAddress":"","_VenueCity":"","_VenueCountry":"","_VenueProvince":"","_VenueState":"","_VenueZip":"","_VenuePhone":"","_VenueURL":"","_VenueStateProvince":"","_VenueLat":"","_VenueLng":"","_VenueShowMap":false,"_VenueShowMapLink":false,"footnotes":""},"class_list":["post-4558","page","type-page","status-publish","has-post-thumbnail","hentry"],"_links":{"self":[{"href":"https:\/\/heimatvereinbersenbrueck.de\/wordpress\/wp-json\/wp\/v2\/pages\/4558","targetHints":{"allow":["GET"]}}],"collection":[{"href":"https:\/\/heimatvereinbersenbrueck.de\/wordpress\/wp-json\/wp\/v2\/pages"}],"about":[{"href":"https:\/\/heimatvereinbersenbrueck.de\/wordpress\/wp-json\/wp\/v2\/types\/page"}],"author":[{"embeddable":true,"href":"https:\/\/heimatvereinbersenbrueck.de\/wordpress\/wp-json\/wp\/v2\/users\/3"}],"replies":[{"embeddable":true,"href":"https:\/\/heimatvereinbersenbrueck.de\/wordpress\/wp-json\/wp\/v2\/comments?post=4558"}],"version-history":[{"count":4,"href":"https:\/\/heimatvereinbersenbrueck.de\/wordpress\/wp-json\/wp\/v2\/pages\/4558\/revisions"}],"predecessor-version":[{"id":4575,"href":"https:\/\/heimatvereinbersenbrueck.de\/wordpress\/wp-json\/wp\/v2\/pages\/4558\/revisions\/4575"}],"up":[{"embeddable":true,"href":"https:\/\/heimatvereinbersenbrueck.de\/wordpress\/wp-json\/wp\/v2\/pages\/4094"}],"wp:featuredmedia":[{"embeddable":true,"href":"https:\/\/heimatvereinbersenbrueck.de\/wordpress\/wp-json\/wp\/v2\/media\/4571"}],"wp:attachment":[{"href":"https:\/\/heimatvereinbersenbrueck.de\/wordpress\/wp-json\/wp\/v2\/media?parent=4558"}],"curies":[{"name":"wp","href":"https:\/\/api.w.org\/{rel}","templated":true}]}}