{"id":4693,"date":"2026-02-18T13:42:20","date_gmt":"2026-02-18T12:42:20","guid":{"rendered":"https:\/\/heimatvereinbersenbrueck.de\/wordpress\/?page_id=4693"},"modified":"2026-02-18T13:47:20","modified_gmt":"2026-02-18T12:47:20","slug":"winterwanderung-des-heimatvereins-bersenbrueck-zur-eroeffnung-der-saison","status":"publish","type":"page","link":"https:\/\/heimatvereinbersenbrueck.de\/wordpress\/home-2\/inhalt-2025-fuer-startseite\/winterwanderung-des-heimatvereins-bersenbrueck-zur-eroeffnung-der-saison\/","title":{"rendered":"Winterwanderung des Heimatvereins Bersenbr\u00fcck zur Er\u00f6ffnung der Saison"},"content":{"rendered":"\n<p>Traditionsgem\u00e4\u00df er\u00f6ffnet der Heimatverein Bersenbr\u00fcck seine Fu\u00df- und Radwandersaison mit der Winterwanderung.<br>So lud er Mitglieder und G\u00e4ste\u00a0 auch in diesem Jahr wieder dazu ein. Treffpunkt war am Heimathaus Feldm\u00fchle. <br>Von hier aus ging es auf eine etwa einst\u00fcndige Wanderung, durch die Siedlung Hertmann, weiter durch den Stadtteil Hertmann in Richtung Waldgebiet \u201eFreude\u201c, vorbei an der Kl\u00e4ranlage und dem \u201eHochzeitswald\u201c, dann\u00a0 am Rand der \u201eFreude\u201c entlang wieder zur\u00fcck zum Heimathaus Feldm\u00fchle.<\/p>\n\n\n\n<p> Unterwegs st\u00e4rkte man sich mit einem \u201eAufw\u00e4rmer\u201c. Im Heimathaus hatten sich bereits auch zahlreiche Nichtwanderer eingefunden. <\/p>\n\n\n\n<figure class=\"wp-block-image size-large\"><a href=\"https:\/\/heimatvereinbersenbrueck.de\/wordpress\/wp-content\/uploads\/2026\/02\/Winterwanderung-2026-scaled.jpg\"><img loading=\"lazy\" decoding=\"async\" width=\"960\" height=\"720\" src=\"https:\/\/heimatvereinbersenbrueck.de\/wordpress\/wp-content\/uploads\/2026\/02\/Winterwanderung-2026-960x720.jpg\" alt=\"\" class=\"wp-image-4694\" srcset=\"https:\/\/heimatvereinbersenbrueck.de\/wordpress\/wp-content\/uploads\/2026\/02\/Winterwanderung-2026-960x720.jpg 960w, https:\/\/heimatvereinbersenbrueck.de\/wordpress\/wp-content\/uploads\/2026\/02\/Winterwanderung-2026-620x465.jpg 620w, https:\/\/heimatvereinbersenbrueck.de\/wordpress\/wp-content\/uploads\/2026\/02\/Winterwanderung-2026-768x576.jpg 768w, https:\/\/heimatvereinbersenbrueck.de\/wordpress\/wp-content\/uploads\/2026\/02\/Winterwanderung-2026-1536x1152.jpg 1536w, https:\/\/heimatvereinbersenbrueck.de\/wordpress\/wp-content\/uploads\/2026\/02\/Winterwanderung-2026-2048x1536.jpg 2048w, https:\/\/heimatvereinbersenbrueck.de\/wordpress\/wp-content\/uploads\/2026\/02\/Winterwanderung-2026-350x263.jpg 350w, https:\/\/heimatvereinbersenbrueck.de\/wordpress\/wp-content\/uploads\/2026\/02\/Winterwanderung-2026-780x586.jpg 780w, https:\/\/heimatvereinbersenbrueck.de\/wordpress\/wp-content\/uploads\/2026\/02\/Winterwanderung-2026-250x188.jpg 250w\" sizes=\"auto, (max-width: 960px) 100vw, 960px\" \/><\/a><\/figure>\n\n\n\n<p>Hier gab es f\u00fcr alle eine Kaffeetafel. Der Vorsitzende des Heimatvereins, Franz Buitmann, wies in seiner Begr\u00fc\u00dfung auf die n\u00e4chsten Termine des Heimatvereins hin. <\/p>\n\n\n\n<p>Nach der Kaffeetafel zeigte Vorstandsmitglied Reinhard P\u00f6ttker einige Fotos aus dem Veranstaltungsprogramm des Heimatvereins aus dem Jahre 2025.<\/p>\n\n\n\n<p><strong>Die Winterwanderung des Heimatvereins Bersenbr\u00fcck startete am Heimathaus Feldm\u00fchle.<\/strong><\/p>\n\n\n\n<figure class=\"wp-block-image size-large\"><a href=\"https:\/\/heimatvereinbersenbrueck.de\/wordpress\/wp-content\/uploads\/2026\/02\/Winterwanderung-des-HVB-2026.jpg\"><img loading=\"lazy\" decoding=\"async\" width=\"960\" height=\"720\" src=\"https:\/\/heimatvereinbersenbrueck.de\/wordpress\/wp-content\/uploads\/2026\/02\/Winterwanderung-des-HVB-2026-960x720.jpg\" alt=\"\" class=\"wp-image-4695\" srcset=\"https:\/\/heimatvereinbersenbrueck.de\/wordpress\/wp-content\/uploads\/2026\/02\/Winterwanderung-des-HVB-2026-960x720.jpg 960w, https:\/\/heimatvereinbersenbrueck.de\/wordpress\/wp-content\/uploads\/2026\/02\/Winterwanderung-des-HVB-2026-620x465.jpg 620w, https:\/\/heimatvereinbersenbrueck.de\/wordpress\/wp-content\/uploads\/2026\/02\/Winterwanderung-des-HVB-2026-768x576.jpg 768w, https:\/\/heimatvereinbersenbrueck.de\/wordpress\/wp-content\/uploads\/2026\/02\/Winterwanderung-des-HVB-2026-1536x1152.jpg 1536w, https:\/\/heimatvereinbersenbrueck.de\/wordpress\/wp-content\/uploads\/2026\/02\/Winterwanderung-des-HVB-2026-350x263.jpg 350w, https:\/\/heimatvereinbersenbrueck.de\/wordpress\/wp-content\/uploads\/2026\/02\/Winterwanderung-des-HVB-2026-780x586.jpg 780w, https:\/\/heimatvereinbersenbrueck.de\/wordpress\/wp-content\/uploads\/2026\/02\/Winterwanderung-des-HVB-2026-250x188.jpg 250w, https:\/\/heimatvereinbersenbrueck.de\/wordpress\/wp-content\/uploads\/2026\/02\/Winterwanderung-des-HVB-2026.jpg 2016w\" sizes=\"auto, (max-width: 960px) 100vw, 960px\" \/><\/a><\/figure>\n\n\n\n<p>Text und Fotos: Heimatverein Bersenbr\u00fcck , Franz Buitmann (c) 2026<\/p>\n\n\n\n<p><\/p>\n","protected":false},"excerpt":{"rendered":"<p>Traditionsgem\u00e4\u00df er\u00f6ffnet der Heimatverein Bersenbr\u00fcck seine Fu\u00df- und Radwandersaison mit der Winterwanderung.So lud er Mitglieder und G\u00e4ste\u00a0 auch in diesem Jahr wieder dazu ein. Treffpunkt war am Heimathaus Feldm\u00fchle. Von hier aus ging es auf eine etwa einst\u00fcndige Wanderung, durch die Siedlung Hertmann, weiter durch den Stadtteil Hertmann in Richtung Waldgebiet \u201eFreude\u201c, vorbei an der Kl\u00e4ranlage und dem \u201eHochzeitswald\u201c, dann\u00a0 <a class=\"more-link\" href=\"https:\/\/heimatvereinbersenbrueck.de\/wordpress\/home-2\/inhalt-2025-fuer-startseite\/winterwanderung-des-heimatvereins-bersenbrueck-zur-eroeffnung-der-saison\/\">&lt;weiterlesen&#8230;<\/a><\/p>\n","protected":false},"author":3,"featured_media":4695,"parent":4094,"menu_order":0,"comment_status":"closed","ping_status":"closed","template":"","meta":{"pgc_sgb_lightbox_settings":"","_EventAllDay":false,"_EventTimezone":"","_EventStartDate":"","_EventEndDate":"","_EventStartDateUTC":"","_EventEndDateUTC":"","_EventShowMap":false,"_EventShowMapLink":false,"_EventURL":"","_EventCost":"","_EventCostDescription":"","_EventCurrencySymbol":"","_EventCurrencyCode":"","_EventCurrencyPosition":"","_EventDateTimeSeparator":"","_EventTimeRangeSeparator":"","_EventOrganizerID":[],"_EventVenueID":[],"_OrganizerEmail":"","_OrganizerPhone":"","_OrganizerWebsite":"","_VenueAddress":"","_VenueCity":"","_VenueCountry":"","_VenueProvince":"","_VenueState":"","_VenueZip":"","_VenuePhone":"","_VenueURL":"","_VenueStateProvince":"","_VenueLat":"","_VenueLng":"","_VenueShowMap":false,"_VenueShowMapLink":false,"footnotes":""},"class_list":["post-4693","page","type-page","status-publish","has-post-thumbnail","hentry"],"_links":{"self":[{"href":"https:\/\/heimatvereinbersenbrueck.de\/wordpress\/wp-json\/wp\/v2\/pages\/4693","targetHints":{"allow":["GET"]}}],"collection":[{"href":"https:\/\/heimatvereinbersenbrueck.de\/wordpress\/wp-json\/wp\/v2\/pages"}],"about":[{"href":"https:\/\/heimatvereinbersenbrueck.de\/wordpress\/wp-json\/wp\/v2\/types\/page"}],"author":[{"embeddable":true,"href":"https:\/\/heimatvereinbersenbrueck.de\/wordpress\/wp-json\/wp\/v2\/users\/3"}],"replies":[{"embeddable":true,"href":"https:\/\/heimatvereinbersenbrueck.de\/wordpress\/wp-json\/wp\/v2\/comments?post=4693"}],"version-history":[{"count":4,"href":"https:\/\/heimatvereinbersenbrueck.de\/wordpress\/wp-json\/wp\/v2\/pages\/4693\/revisions"}],"predecessor-version":[{"id":4700,"href":"https:\/\/heimatvereinbersenbrueck.de\/wordpress\/wp-json\/wp\/v2\/pages\/4693\/revisions\/4700"}],"up":[{"embeddable":true,"href":"https:\/\/heimatvereinbersenbrueck.de\/wordpress\/wp-json\/wp\/v2\/pages\/4094"}],"wp:featuredmedia":[{"embeddable":true,"href":"https:\/\/heimatvereinbersenbrueck.de\/wordpress\/wp-json\/wp\/v2\/media\/4695"}],"wp:attachment":[{"href":"https:\/\/heimatvereinbersenbrueck.de\/wordpress\/wp-json\/wp\/v2\/media?parent=4693"}],"curies":[{"name":"wp","href":"https:\/\/api.w.org\/{rel}","templated":true}]}}