{"id":4798,"date":"2026-04-06T18:21:14","date_gmt":"2026-04-06T16:21:14","guid":{"rendered":"https:\/\/heimatvereinbersenbrueck.de\/wordpress\/?page_id=4798"},"modified":"2026-04-06T18:38:53","modified_gmt":"2026-04-06T16:38:53","slug":"trotz-regen-ettliche-besucher-beim-traditionellen-osterfeuer-des-heimatvereins-bersenbrueck","status":"publish","type":"page","link":"https:\/\/heimatvereinbersenbrueck.de\/wordpress\/home-2\/inhalt-2026-fuer-startseite\/trotz-regen-ettliche-besucher-beim-traditionellen-osterfeuer-des-heimatvereins-bersenbrueck\/","title":{"rendered":"Trotz Regen ettliche Besucher beim traditionellen Osterfeuer des Heimatvereins Bersenbr\u00fcck"},"content":{"rendered":"\n<h1 class=\"wp-block-heading\">Osterfeuer 2026 <\/h1>\n\n\n\n<p> Zu den satzungsm\u00e4\u00dfigen Aufgaben des Heimatvereins Bersenbr\u00fcck geh\u00f6rt auch die Pflege von Brauchtum und Sitte. <\/p>\n\n\n\n<p>So wurde auch dieses Jahr wieder zum Abbrennen eines Osterfeuers eingeladen. Am Ostersonntag wurde hinter dem Flutwehr am Hasestadion ein Holzsto\u00df angez\u00fcndet. <\/p>\n\n\n\n<p>Die Veranstaltung wurde in Kooperation mit dem TuS Bersenbr\u00fcck und der DLRG Ortsgruppe Bersenbr\u00fcck durchgef\u00fchrt. \u201eMit dem Feuer wird auch die dunkle Jahreszeit des Winters beendet, der Fr\u00fchling mit seinen hellen Farben ist eingekehrt. <\/p>\n\n\n\n<p>Gleichzeitig symbolisiert das Licht auch die Freude \u00fcber die Auferstehung Jesu zu Ostern\u201c, sagte der Vorsitzende des Heimatvereins Bersenbr\u00fcck, Franz Buitmann, bei seiner Begr\u00fc\u00dfung. Weiter f\u00fchrte er aus: \u201eUm Ostern ranken sich viele Br\u00e4uche, das Abbrennen eines Feuers stammt eigentlich aus vergangenen Zeiten, als das abergl\u00e4ubische Volk die D\u00e4monen, Wetterhexen und den von ihnen hervorgebrachten Schadenzauber mit Licht und L\u00e4rm von den Feldern vertreiben wollten. <\/p>\n\n\n\n<p>Mit Beginn der christlichen Zeit ist das Licht ein Zeichen f\u00fcr den auferstandenen Christus, der das Dunkel des Todes \u00fcberwunden hat und nun hell erstrahlt. Es ist auch der Sieg der Sonne \u00fcber die Nacht, als Sieg des Lichtes \u00fcber die D\u00e4monen der Finsternis, als ewig wiederkehrender Triumph des Lebens \u00fcber den Tod.\u201c <\/p>\n\n\n\n<p>Trotz eines kr\u00e4ftigen Regenschauers gleich zu Beginn kamen doch noch ettliche Besucher, um in fr\u00f6hlicher Runde einige Stunden bei Grillw\u00fcrstchen und k\u00fchlen Getr\u00e4nken zu verbringen und den ersten Ostertag ausklingen zu lassen. <\/p>\n\n\n\n<p>Dank von Familie Markus hatte der Osterhase, der dem Maskottchen des TuS Bersenbr\u00fcck \u00e4hnelt, auch wieder bunte Ostereier und andere S\u00fc\u00dfigkeitenn mitgebracht.<\/p>\n\n\n\n<p> Der Holzsto\u00df war noch am Ostersamstag vor dem Abbrennen noch einmal vom Heimatfreund Michael Bekermann umgeschichtet worden, damit keine Tiere zu Schaden kommen. <\/p>\n\n\n\n<p>Trotz der unbest\u00e4ndigen Witterung blieb vom Osterfeuer nur ein wenig Asche \u00fcbrig, die noch sachgem\u00e4\u00df entsorgt wird.<\/p>\n\n\n\n<h1 class=\"wp-block-heading\">&nbsp;<\/h1>\n\n\n\n<figure class=\"wp-block-gallery has-nested-images columns-default is-cropped wp-block-gallery-1 is-layout-flex wp-block-gallery-is-layout-flex\">\n<figure class=\"wp-block-image size-large\"><a href=\"https:\/\/heimatvereinbersenbrueck.de\/wordpress\/wp-content\/uploads\/2026\/04\/Osterfeuer-Heimatverein-Bersenbrueck.Foto-Reinhard-Rehkamp.1-scaled.jpg\"><img loading=\"lazy\" decoding=\"async\" width=\"960\" height=\"1280\" data-id=\"4787\" src=\"https:\/\/heimatvereinbersenbrueck.de\/wordpress\/wp-content\/uploads\/2026\/04\/Osterfeuer-Heimatverein-Bersenbrueck.Foto-Reinhard-Rehkamp.1-960x1280.jpg\" alt=\"\" class=\"wp-image-4787\" srcset=\"https:\/\/heimatvereinbersenbrueck.de\/wordpress\/wp-content\/uploads\/2026\/04\/Osterfeuer-Heimatverein-Bersenbrueck.Foto-Reinhard-Rehkamp.1-960x1280.jpg 960w, https:\/\/heimatvereinbersenbrueck.de\/wordpress\/wp-content\/uploads\/2026\/04\/Osterfeuer-Heimatverein-Bersenbrueck.Foto-Reinhard-Rehkamp.1-620x827.jpg 620w, https:\/\/heimatvereinbersenbrueck.de\/wordpress\/wp-content\/uploads\/2026\/04\/Osterfeuer-Heimatverein-Bersenbrueck.Foto-Reinhard-Rehkamp.1-768x1024.jpg 768w, https:\/\/heimatvereinbersenbrueck.de\/wordpress\/wp-content\/uploads\/2026\/04\/Osterfeuer-Heimatverein-Bersenbrueck.Foto-Reinhard-Rehkamp.1-1152x1536.jpg 1152w, https:\/\/heimatvereinbersenbrueck.de\/wordpress\/wp-content\/uploads\/2026\/04\/Osterfeuer-Heimatverein-Bersenbrueck.Foto-Reinhard-Rehkamp.1-1536x2048.jpg 1536w, https:\/\/heimatvereinbersenbrueck.de\/wordpress\/wp-content\/uploads\/2026\/04\/Osterfeuer-Heimatverein-Bersenbrueck.Foto-Reinhard-Rehkamp.1-scaled.jpg 1920w\" sizes=\"auto, (max-width: 960px) 100vw, 960px\" \/><\/a><figcaption class=\"wp-element-caption\">Anz\u00fcnden im Regen <\/figcaption><\/figure>\n\n\n\n<figure class=\"wp-block-image size-large\"><a href=\"https:\/\/heimatvereinbersenbrueck.de\/wordpress\/wp-content\/uploads\/2026\/04\/Osterfeuer-Heimatverein-Bersenbrueck.Foto-Reinhard-Rehkamp.2-scaled.jpg\"><img loading=\"lazy\" decoding=\"async\" width=\"960\" height=\"720\" data-id=\"4788\" src=\"https:\/\/heimatvereinbersenbrueck.de\/wordpress\/wp-content\/uploads\/2026\/04\/Osterfeuer-Heimatverein-Bersenbrueck.Foto-Reinhard-Rehkamp.2-960x720.jpg\" alt=\"\" class=\"wp-image-4788\" srcset=\"https:\/\/heimatvereinbersenbrueck.de\/wordpress\/wp-content\/uploads\/2026\/04\/Osterfeuer-Heimatverein-Bersenbrueck.Foto-Reinhard-Rehkamp.2-960x720.jpg 960w, https:\/\/heimatvereinbersenbrueck.de\/wordpress\/wp-content\/uploads\/2026\/04\/Osterfeuer-Heimatverein-Bersenbrueck.Foto-Reinhard-Rehkamp.2-620x465.jpg 620w, https:\/\/heimatvereinbersenbrueck.de\/wordpress\/wp-content\/uploads\/2026\/04\/Osterfeuer-Heimatverein-Bersenbrueck.Foto-Reinhard-Rehkamp.2-768x576.jpg 768w, https:\/\/heimatvereinbersenbrueck.de\/wordpress\/wp-content\/uploads\/2026\/04\/Osterfeuer-Heimatverein-Bersenbrueck.Foto-Reinhard-Rehkamp.2-1536x1152.jpg 1536w, https:\/\/heimatvereinbersenbrueck.de\/wordpress\/wp-content\/uploads\/2026\/04\/Osterfeuer-Heimatverein-Bersenbrueck.Foto-Reinhard-Rehkamp.2-2048x1536.jpg 2048w, https:\/\/heimatvereinbersenbrueck.de\/wordpress\/wp-content\/uploads\/2026\/04\/Osterfeuer-Heimatverein-Bersenbrueck.Foto-Reinhard-Rehkamp.2-350x263.jpg 350w, https:\/\/heimatvereinbersenbrueck.de\/wordpress\/wp-content\/uploads\/2026\/04\/Osterfeuer-Heimatverein-Bersenbrueck.Foto-Reinhard-Rehkamp.2-780x586.jpg 780w, https:\/\/heimatvereinbersenbrueck.de\/wordpress\/wp-content\/uploads\/2026\/04\/Osterfeuer-Heimatverein-Bersenbrueck.Foto-Reinhard-Rehkamp.2-250x188.jpg 250w\" sizes=\"auto, (max-width: 960px) 100vw, 960px\" \/><\/a><figcaption class=\"wp-element-caption\">Es Brennt auf dieses Jahr wieder<\/figcaption><\/figure>\n\n\n\n<figure class=\"wp-block-image size-large\"><a href=\"https:\/\/heimatvereinbersenbrueck.de\/wordpress\/wp-content\/uploads\/2026\/04\/Osterfeuer-Heimatverein-Bersenbrueck.Foto-Reinhard-Rehkamp.5-scaled.jpg\"><img loading=\"lazy\" decoding=\"async\" width=\"960\" height=\"720\" data-id=\"4792\" src=\"https:\/\/heimatvereinbersenbrueck.de\/wordpress\/wp-content\/uploads\/2026\/04\/Osterfeuer-Heimatverein-Bersenbrueck.Foto-Reinhard-Rehkamp.5-960x720.jpg\" alt=\"\" class=\"wp-image-4792\" srcset=\"https:\/\/heimatvereinbersenbrueck.de\/wordpress\/wp-content\/uploads\/2026\/04\/Osterfeuer-Heimatverein-Bersenbrueck.Foto-Reinhard-Rehkamp.5-960x720.jpg 960w, https:\/\/heimatvereinbersenbrueck.de\/wordpress\/wp-content\/uploads\/2026\/04\/Osterfeuer-Heimatverein-Bersenbrueck.Foto-Reinhard-Rehkamp.5-620x465.jpg 620w, https:\/\/heimatvereinbersenbrueck.de\/wordpress\/wp-content\/uploads\/2026\/04\/Osterfeuer-Heimatverein-Bersenbrueck.Foto-Reinhard-Rehkamp.5-768x576.jpg 768w, https:\/\/heimatvereinbersenbrueck.de\/wordpress\/wp-content\/uploads\/2026\/04\/Osterfeuer-Heimatverein-Bersenbrueck.Foto-Reinhard-Rehkamp.5-1536x1152.jpg 1536w, https:\/\/heimatvereinbersenbrueck.de\/wordpress\/wp-content\/uploads\/2026\/04\/Osterfeuer-Heimatverein-Bersenbrueck.Foto-Reinhard-Rehkamp.5-2048x1536.jpg 2048w, https:\/\/heimatvereinbersenbrueck.de\/wordpress\/wp-content\/uploads\/2026\/04\/Osterfeuer-Heimatverein-Bersenbrueck.Foto-Reinhard-Rehkamp.5-350x263.jpg 350w, https:\/\/heimatvereinbersenbrueck.de\/wordpress\/wp-content\/uploads\/2026\/04\/Osterfeuer-Heimatverein-Bersenbrueck.Foto-Reinhard-Rehkamp.5-780x586.jpg 780w, https:\/\/heimatvereinbersenbrueck.de\/wordpress\/wp-content\/uploads\/2026\/04\/Osterfeuer-Heimatverein-Bersenbrueck.Foto-Reinhard-Rehkamp.5-250x188.jpg 250w\" sizes=\"auto, (max-width: 960px) 100vw, 960px\" \/><\/a><figcaption class=\"wp-element-caption\">Auch der Osterhase erfreut die Kinder<\/figcaption><\/figure>\n\n\n\n<figure class=\"wp-block-image size-large\"><a href=\"https:\/\/heimatvereinbersenbrueck.de\/wordpress\/wp-content\/uploads\/2026\/04\/Osterfeuer-Heimatverein-Bersenbrueck.Foto-Reinhard-Rehkamp.4-scaled.jpg\"><img loading=\"lazy\" decoding=\"async\" width=\"960\" height=\"720\" data-id=\"4791\" src=\"https:\/\/heimatvereinbersenbrueck.de\/wordpress\/wp-content\/uploads\/2026\/04\/Osterfeuer-Heimatverein-Bersenbrueck.Foto-Reinhard-Rehkamp.4-960x720.jpg\" alt=\"\" class=\"wp-image-4791\" srcset=\"https:\/\/heimatvereinbersenbrueck.de\/wordpress\/wp-content\/uploads\/2026\/04\/Osterfeuer-Heimatverein-Bersenbrueck.Foto-Reinhard-Rehkamp.4-960x720.jpg 960w, https:\/\/heimatvereinbersenbrueck.de\/wordpress\/wp-content\/uploads\/2026\/04\/Osterfeuer-Heimatverein-Bersenbrueck.Foto-Reinhard-Rehkamp.4-620x465.jpg 620w, https:\/\/heimatvereinbersenbrueck.de\/wordpress\/wp-content\/uploads\/2026\/04\/Osterfeuer-Heimatverein-Bersenbrueck.Foto-Reinhard-Rehkamp.4-768x576.jpg 768w, https:\/\/heimatvereinbersenbrueck.de\/wordpress\/wp-content\/uploads\/2026\/04\/Osterfeuer-Heimatverein-Bersenbrueck.Foto-Reinhard-Rehkamp.4-1536x1152.jpg 1536w, https:\/\/heimatvereinbersenbrueck.de\/wordpress\/wp-content\/uploads\/2026\/04\/Osterfeuer-Heimatverein-Bersenbrueck.Foto-Reinhard-Rehkamp.4-2048x1536.jpg 2048w, https:\/\/heimatvereinbersenbrueck.de\/wordpress\/wp-content\/uploads\/2026\/04\/Osterfeuer-Heimatverein-Bersenbrueck.Foto-Reinhard-Rehkamp.4-350x263.jpg 350w, https:\/\/heimatvereinbersenbrueck.de\/wordpress\/wp-content\/uploads\/2026\/04\/Osterfeuer-Heimatverein-Bersenbrueck.Foto-Reinhard-Rehkamp.4-780x586.jpg 780w, https:\/\/heimatvereinbersenbrueck.de\/wordpress\/wp-content\/uploads\/2026\/04\/Osterfeuer-Heimatverein-Bersenbrueck.Foto-Reinhard-Rehkamp.4-250x188.jpg 250w\" sizes=\"auto, (max-width: 960px) 100vw, 960px\" \/><\/a><figcaption class=\"wp-element-caption\">Osterfeuer 2026<\/figcaption><\/figure>\n\n\n\n<figure class=\"wp-block-image size-large\"><a href=\"https:\/\/heimatvereinbersenbrueck.de\/wordpress\/wp-content\/uploads\/2026\/04\/Osterfeuer-Heimatverein-Bersenbrueck.Foto-Reinhard-Rehkamp.6-scaled.jpg\"><img loading=\"lazy\" decoding=\"async\" width=\"960\" height=\"720\" data-id=\"4789\" src=\"https:\/\/heimatvereinbersenbrueck.de\/wordpress\/wp-content\/uploads\/2026\/04\/Osterfeuer-Heimatverein-Bersenbrueck.Foto-Reinhard-Rehkamp.6-960x720.jpg\" alt=\"\" class=\"wp-image-4789\" srcset=\"https:\/\/heimatvereinbersenbrueck.de\/wordpress\/wp-content\/uploads\/2026\/04\/Osterfeuer-Heimatverein-Bersenbrueck.Foto-Reinhard-Rehkamp.6-960x720.jpg 960w, https:\/\/heimatvereinbersenbrueck.de\/wordpress\/wp-content\/uploads\/2026\/04\/Osterfeuer-Heimatverein-Bersenbrueck.Foto-Reinhard-Rehkamp.6-620x465.jpg 620w, https:\/\/heimatvereinbersenbrueck.de\/wordpress\/wp-content\/uploads\/2026\/04\/Osterfeuer-Heimatverein-Bersenbrueck.Foto-Reinhard-Rehkamp.6-768x576.jpg 768w, https:\/\/heimatvereinbersenbrueck.de\/wordpress\/wp-content\/uploads\/2026\/04\/Osterfeuer-Heimatverein-Bersenbrueck.Foto-Reinhard-Rehkamp.6-1536x1152.jpg 1536w, https:\/\/heimatvereinbersenbrueck.de\/wordpress\/wp-content\/uploads\/2026\/04\/Osterfeuer-Heimatverein-Bersenbrueck.Foto-Reinhard-Rehkamp.6-2048x1536.jpg 2048w, https:\/\/heimatvereinbersenbrueck.de\/wordpress\/wp-content\/uploads\/2026\/04\/Osterfeuer-Heimatverein-Bersenbrueck.Foto-Reinhard-Rehkamp.6-350x263.jpg 350w, https:\/\/heimatvereinbersenbrueck.de\/wordpress\/wp-content\/uploads\/2026\/04\/Osterfeuer-Heimatverein-Bersenbrueck.Foto-Reinhard-Rehkamp.6-780x586.jpg 780w, https:\/\/heimatvereinbersenbrueck.de\/wordpress\/wp-content\/uploads\/2026\/04\/Osterfeuer-Heimatverein-Bersenbrueck.Foto-Reinhard-Rehkamp.6-250x188.jpg 250w\" sizes=\"auto, (max-width: 960px) 100vw, 960px\" \/><\/a><figcaption class=\"wp-element-caption\">Ostereier immer sehr begehrt<\/figcaption><\/figure>\n\n\n\n<figure class=\"wp-block-image size-large\"><a href=\"https:\/\/heimatvereinbersenbrueck.de\/wordpress\/wp-content\/uploads\/2026\/04\/Osterfeuer-Heimatverein-Bersenbrueck.Foto-Reinhard-Rehkamp.3-scaled.jpg\"><img loading=\"lazy\" decoding=\"async\" width=\"960\" height=\"720\" data-id=\"4790\" src=\"https:\/\/heimatvereinbersenbrueck.de\/wordpress\/wp-content\/uploads\/2026\/04\/Osterfeuer-Heimatverein-Bersenbrueck.Foto-Reinhard-Rehkamp.3-960x720.jpg\" alt=\"\" class=\"wp-image-4790\" srcset=\"https:\/\/heimatvereinbersenbrueck.de\/wordpress\/wp-content\/uploads\/2026\/04\/Osterfeuer-Heimatverein-Bersenbrueck.Foto-Reinhard-Rehkamp.3-960x720.jpg 960w, https:\/\/heimatvereinbersenbrueck.de\/wordpress\/wp-content\/uploads\/2026\/04\/Osterfeuer-Heimatverein-Bersenbrueck.Foto-Reinhard-Rehkamp.3-620x465.jpg 620w, https:\/\/heimatvereinbersenbrueck.de\/wordpress\/wp-content\/uploads\/2026\/04\/Osterfeuer-Heimatverein-Bersenbrueck.Foto-Reinhard-Rehkamp.3-768x576.jpg 768w, https:\/\/heimatvereinbersenbrueck.de\/wordpress\/wp-content\/uploads\/2026\/04\/Osterfeuer-Heimatverein-Bersenbrueck.Foto-Reinhard-Rehkamp.3-1536x1152.jpg 1536w, https:\/\/heimatvereinbersenbrueck.de\/wordpress\/wp-content\/uploads\/2026\/04\/Osterfeuer-Heimatverein-Bersenbrueck.Foto-Reinhard-Rehkamp.3-2048x1536.jpg 2048w, https:\/\/heimatvereinbersenbrueck.de\/wordpress\/wp-content\/uploads\/2026\/04\/Osterfeuer-Heimatverein-Bersenbrueck.Foto-Reinhard-Rehkamp.3-350x263.jpg 350w, https:\/\/heimatvereinbersenbrueck.de\/wordpress\/wp-content\/uploads\/2026\/04\/Osterfeuer-Heimatverein-Bersenbrueck.Foto-Reinhard-Rehkamp.3-780x586.jpg 780w, https:\/\/heimatvereinbersenbrueck.de\/wordpress\/wp-content\/uploads\/2026\/04\/Osterfeuer-Heimatverein-Bersenbrueck.Foto-Reinhard-Rehkamp.3-250x188.jpg 250w\" sizes=\"auto, (max-width: 960px) 100vw, 960px\" \/><\/a><figcaption class=\"wp-element-caption\">Osterfeuer 2026<\/figcaption><\/figure>\n\n\n\n<figure class=\"wp-block-image size-large\"><a href=\"https:\/\/heimatvereinbersenbrueck.de\/wordpress\/wp-content\/uploads\/2026\/04\/Osterfeuer-Heimatverein-Bersenbrueck.Foto-Reinhard-Rehkamp.7-1-scaled.jpg\"><img loading=\"lazy\" decoding=\"async\" width=\"960\" height=\"720\" data-id=\"4786\" src=\"https:\/\/heimatvereinbersenbrueck.de\/wordpress\/wp-content\/uploads\/2026\/04\/Osterfeuer-Heimatverein-Bersenbrueck.Foto-Reinhard-Rehkamp.7-1-960x720.jpg\" alt=\"\" class=\"wp-image-4786\" srcset=\"https:\/\/heimatvereinbersenbrueck.de\/wordpress\/wp-content\/uploads\/2026\/04\/Osterfeuer-Heimatverein-Bersenbrueck.Foto-Reinhard-Rehkamp.7-1-960x720.jpg 960w, https:\/\/heimatvereinbersenbrueck.de\/wordpress\/wp-content\/uploads\/2026\/04\/Osterfeuer-Heimatverein-Bersenbrueck.Foto-Reinhard-Rehkamp.7-1-620x465.jpg 620w, https:\/\/heimatvereinbersenbrueck.de\/wordpress\/wp-content\/uploads\/2026\/04\/Osterfeuer-Heimatverein-Bersenbrueck.Foto-Reinhard-Rehkamp.7-1-768x576.jpg 768w, https:\/\/heimatvereinbersenbrueck.de\/wordpress\/wp-content\/uploads\/2026\/04\/Osterfeuer-Heimatverein-Bersenbrueck.Foto-Reinhard-Rehkamp.7-1-1536x1152.jpg 1536w, https:\/\/heimatvereinbersenbrueck.de\/wordpress\/wp-content\/uploads\/2026\/04\/Osterfeuer-Heimatverein-Bersenbrueck.Foto-Reinhard-Rehkamp.7-1-2048x1536.jpg 2048w, https:\/\/heimatvereinbersenbrueck.de\/wordpress\/wp-content\/uploads\/2026\/04\/Osterfeuer-Heimatverein-Bersenbrueck.Foto-Reinhard-Rehkamp.7-1-350x263.jpg 350w, https:\/\/heimatvereinbersenbrueck.de\/wordpress\/wp-content\/uploads\/2026\/04\/Osterfeuer-Heimatverein-Bersenbrueck.Foto-Reinhard-Rehkamp.7-1-780x586.jpg 780w, https:\/\/heimatvereinbersenbrueck.de\/wordpress\/wp-content\/uploads\/2026\/04\/Osterfeuer-Heimatverein-Bersenbrueck.Foto-Reinhard-Rehkamp.7-1-250x188.jpg 250w\" sizes=\"auto, (max-width: 960px) 100vw, 960px\" \/><\/a><figcaption class=\"wp-element-caption\">Der TUS sorgt f\u00fcr Bratw\u00fcrste und Getr\u00e4nke!<\/figcaption><\/figure>\n<\/figure>\n","protected":false},"excerpt":{"rendered":"<p>Osterfeuer 2026 Zu den satzungsm\u00e4\u00dfigen Aufgaben des Heimatvereins Bersenbr\u00fcck geh\u00f6rt auch die Pflege von Brauchtum und Sitte. So wurde auch dieses Jahr wieder zum Abbrennen eines Osterfeuers eingeladen. Am Ostersonntag wurde hinter dem Flutwehr am Hasestadion ein Holzsto\u00df angez\u00fcndet. Die Veranstaltung wurde in Kooperation mit dem TuS Bersenbr\u00fcck und der DLRG Ortsgruppe Bersenbr\u00fcck durchgef\u00fchrt. \u201eMit dem Feuer wird auch die <a class=\"more-link\" href=\"https:\/\/heimatvereinbersenbrueck.de\/wordpress\/home-2\/inhalt-2026-fuer-startseite\/trotz-regen-ettliche-besucher-beim-traditionellen-osterfeuer-des-heimatvereins-bersenbrueck\/\">&lt;weiterlesen&#8230;<\/a><\/p>\n","protected":false},"author":3,"featured_media":4790,"parent":4094,"menu_order":0,"comment_status":"closed","ping_status":"closed","template":"","meta":{"pgc_sgb_lightbox_settings":"","_EventAllDay":false,"_EventTimezone":"","_EventStartDate":"","_EventEndDate":"","_EventStartDateUTC":"","_EventEndDateUTC":"","_EventShowMap":false,"_EventShowMapLink":false,"_EventURL":"","_EventCost":"","_EventCostDescription":"","_EventCurrencySymbol":"","_EventCurrencyCode":"","_EventCurrencyPosition":"","_EventDateTimeSeparator":"","_EventTimeRangeSeparator":"","_EventOrganizerID":[],"_EventVenueID":[],"_OrganizerEmail":"","_OrganizerPhone":"","_OrganizerWebsite":"","_VenueAddress":"","_VenueCity":"","_VenueCountry":"","_VenueProvince":"","_VenueState":"","_VenueZip":"","_VenuePhone":"","_VenueURL":"","_VenueStateProvince":"","_VenueLat":"","_VenueLng":"","_VenueShowMap":false,"_VenueShowMapLink":false,"footnotes":""},"class_list":["post-4798","page","type-page","status-publish","has-post-thumbnail","hentry"],"_links":{"self":[{"href":"https:\/\/heimatvereinbersenbrueck.de\/wordpress\/wp-json\/wp\/v2\/pages\/4798","targetHints":{"allow":["GET"]}}],"collection":[{"href":"https:\/\/heimatvereinbersenbrueck.de\/wordpress\/wp-json\/wp\/v2\/pages"}],"about":[{"href":"https:\/\/heimatvereinbersenbrueck.de\/wordpress\/wp-json\/wp\/v2\/types\/page"}],"author":[{"embeddable":true,"href":"https:\/\/heimatvereinbersenbrueck.de\/wordpress\/wp-json\/wp\/v2\/users\/3"}],"replies":[{"embeddable":true,"href":"https:\/\/heimatvereinbersenbrueck.de\/wordpress\/wp-json\/wp\/v2\/comments?post=4798"}],"version-history":[{"count":3,"href":"https:\/\/heimatvereinbersenbrueck.de\/wordpress\/wp-json\/wp\/v2\/pages\/4798\/revisions"}],"predecessor-version":[{"id":4802,"href":"https:\/\/heimatvereinbersenbrueck.de\/wordpress\/wp-json\/wp\/v2\/pages\/4798\/revisions\/4802"}],"up":[{"embeddable":true,"href":"https:\/\/heimatvereinbersenbrueck.de\/wordpress\/wp-json\/wp\/v2\/pages\/4094"}],"wp:featuredmedia":[{"embeddable":true,"href":"https:\/\/heimatvereinbersenbrueck.de\/wordpress\/wp-json\/wp\/v2\/media\/4790"}],"wp:attachment":[{"href":"https:\/\/heimatvereinbersenbrueck.de\/wordpress\/wp-json\/wp\/v2\/media?parent=4798"}],"curies":[{"name":"wp","href":"https:\/\/api.w.org\/{rel}","templated":true}]}}