{"id":4847,"date":"2026-04-24T08:45:22","date_gmt":"2026-04-24T06:45:22","guid":{"rendered":"https:\/\/heimatvereinbersenbrueck.de\/wordpress\/?page_id=4847"},"modified":"2026-04-24T09:54:20","modified_gmt":"2026-04-24T07:54:20","slug":"20-heimatfreunde-liessen-sich-auf-ihrer-ersten-diesjaehrigen-fahrradtour-das-eis-in-ankum-schmecken","status":"publish","type":"page","link":"https:\/\/heimatvereinbersenbrueck.de\/wordpress\/home-2\/inhalt-2026-fuer-startseite\/20-heimatfreunde-liessen-sich-auf-ihrer-ersten-diesjaehrigen-fahrradtour-das-eis-in-ankum-schmecken\/","title":{"rendered":"20 Heimatfreunde lie\u00dfen sich auf ihrer ersten diesj\u00e4hrigen Fahrradtour das Eis in Ankum schmecken"},"content":{"rendered":"\n<p> Mit einer guten Beteiligung von 20 Heimatfreunden ist der Heimatverein Bersenbr\u00fcck in seine diesj\u00e4hrige Radtour-Saison gestartet. <\/p>\n\n\n\n<p>Bei fr\u00fchlingshaften Temperaturen leitete Radwanderwart Reinhard P\u00f6ttker die Gruppe vom Heimathaus beginnend \u00fcber Lohbeck in Richtung Druchhorn. <\/p>\n\n\n\n<p>Beim Speckbuckstein wurde eine kurze Trinkpause eingelegt.<\/p>\n\n\n\n<p> Als man beim ge\u00f6ffneten Sitter-Cafe in Ahausen vorbeikam, dachten schon viele das hier eine gr\u00f6\u00dfere Rast eingelegt w\u00fcrde. <\/p>\n\n\n\n<p>Aber die Tour f\u00fchrte weiter \u00fcber R\u00fcssel und T\u00fctingen zur wiederaufgebauten Wasserm\u00fchle am Ankumer See. <\/p>\n\n\n\n<p>Nach deren \u00e4u\u00dferen Inaugenscheinnahme wurde ein Erinnerungsfoto vor dem Geb\u00e4ude gemacht und dann weitergefahren zum Eiscafe Belluno. zwar f\u00fcr die gro\u00dfe Gruppe eigens ein Raum reserviert worden, wo sich viele das erste gro\u00dfe Eis dieser Saison g\u00f6nnten.<br><br>Nach der Pause ging dann die rund 20 km lange Radtour\u00a0 gen R\u00fcssel und \u00fcber den Kn\u00f6rlpatt in Richtung Bersenbr\u00fcck. <br><br>Am Ende des Kn\u00f6rlpatts war dann die Aufl\u00f6sung der Tour, jedoch nicht ohne vorher auf die n\u00e4chste Tour am Dienstag, 12. Mai, ab 14 Uhr beim Heimathaus hinzuweisen.<\/p>\n\n\n\n<figure class=\"wp-block-gallery has-nested-images columns-default is-cropped wp-block-gallery-1 is-layout-flex wp-block-gallery-is-layout-flex\">\n<figure class=\"wp-block-image size-large\"><a href=\"https:\/\/heimatvereinbersenbrueck.de\/wordpress\/wp-content\/uploads\/2026\/04\/2026-04-08-Radtour-Heimatverein-Bersenbrueck.Foto-Reinhard-Rehkamp-1-scaled.jpg\"><img loading=\"lazy\" decoding=\"async\" width=\"960\" height=\"720\" data-id=\"4852\" src=\"https:\/\/heimatvereinbersenbrueck.de\/wordpress\/wp-content\/uploads\/2026\/04\/2026-04-08-Radtour-Heimatverein-Bersenbrueck.Foto-Reinhard-Rehkamp-1-960x720.jpg\" alt=\"\" class=\"wp-image-4852\" srcset=\"https:\/\/heimatvereinbersenbrueck.de\/wordpress\/wp-content\/uploads\/2026\/04\/2026-04-08-Radtour-Heimatverein-Bersenbrueck.Foto-Reinhard-Rehkamp-1-960x720.jpg 960w, https:\/\/heimatvereinbersenbrueck.de\/wordpress\/wp-content\/uploads\/2026\/04\/2026-04-08-Radtour-Heimatverein-Bersenbrueck.Foto-Reinhard-Rehkamp-1-620x465.jpg 620w, https:\/\/heimatvereinbersenbrueck.de\/wordpress\/wp-content\/uploads\/2026\/04\/2026-04-08-Radtour-Heimatverein-Bersenbrueck.Foto-Reinhard-Rehkamp-1-768x576.jpg 768w, https:\/\/heimatvereinbersenbrueck.de\/wordpress\/wp-content\/uploads\/2026\/04\/2026-04-08-Radtour-Heimatverein-Bersenbrueck.Foto-Reinhard-Rehkamp-1-1536x1152.jpg 1536w, https:\/\/heimatvereinbersenbrueck.de\/wordpress\/wp-content\/uploads\/2026\/04\/2026-04-08-Radtour-Heimatverein-Bersenbrueck.Foto-Reinhard-Rehkamp-1-2048x1536.jpg 2048w, https:\/\/heimatvereinbersenbrueck.de\/wordpress\/wp-content\/uploads\/2026\/04\/2026-04-08-Radtour-Heimatverein-Bersenbrueck.Foto-Reinhard-Rehkamp-1-350x263.jpg 350w, https:\/\/heimatvereinbersenbrueck.de\/wordpress\/wp-content\/uploads\/2026\/04\/2026-04-08-Radtour-Heimatverein-Bersenbrueck.Foto-Reinhard-Rehkamp-1-780x586.jpg 780w, https:\/\/heimatvereinbersenbrueck.de\/wordpress\/wp-content\/uploads\/2026\/04\/2026-04-08-Radtour-Heimatverein-Bersenbrueck.Foto-Reinhard-Rehkamp-1-250x188.jpg 250w\" sizes=\"auto, (max-width: 960px) 100vw, 960px\" \/><\/a><\/figure>\n\n\n\n<figure class=\"wp-block-image size-large\"><a href=\"https:\/\/heimatvereinbersenbrueck.de\/wordpress\/wp-content\/uploads\/2026\/04\/2026-04-08-Radtour-Heimatverein-Bersenbrueck.Foto-Reinhard-Rehkamp-6-scaled.jpg\"><img loading=\"lazy\" decoding=\"async\" width=\"960\" height=\"720\" data-id=\"4855\" src=\"https:\/\/heimatvereinbersenbrueck.de\/wordpress\/wp-content\/uploads\/2026\/04\/2026-04-08-Radtour-Heimatverein-Bersenbrueck.Foto-Reinhard-Rehkamp-6-960x720.jpg\" alt=\"\" class=\"wp-image-4855\" srcset=\"https:\/\/heimatvereinbersenbrueck.de\/wordpress\/wp-content\/uploads\/2026\/04\/2026-04-08-Radtour-Heimatverein-Bersenbrueck.Foto-Reinhard-Rehkamp-6-960x720.jpg 960w, https:\/\/heimatvereinbersenbrueck.de\/wordpress\/wp-content\/uploads\/2026\/04\/2026-04-08-Radtour-Heimatverein-Bersenbrueck.Foto-Reinhard-Rehkamp-6-620x465.jpg 620w, https:\/\/heimatvereinbersenbrueck.de\/wordpress\/wp-content\/uploads\/2026\/04\/2026-04-08-Radtour-Heimatverein-Bersenbrueck.Foto-Reinhard-Rehkamp-6-768x576.jpg 768w, https:\/\/heimatvereinbersenbrueck.de\/wordpress\/wp-content\/uploads\/2026\/04\/2026-04-08-Radtour-Heimatverein-Bersenbrueck.Foto-Reinhard-Rehkamp-6-1536x1152.jpg 1536w, https:\/\/heimatvereinbersenbrueck.de\/wordpress\/wp-content\/uploads\/2026\/04\/2026-04-08-Radtour-Heimatverein-Bersenbrueck.Foto-Reinhard-Rehkamp-6-2048x1536.jpg 2048w, https:\/\/heimatvereinbersenbrueck.de\/wordpress\/wp-content\/uploads\/2026\/04\/2026-04-08-Radtour-Heimatverein-Bersenbrueck.Foto-Reinhard-Rehkamp-6-350x263.jpg 350w, https:\/\/heimatvereinbersenbrueck.de\/wordpress\/wp-content\/uploads\/2026\/04\/2026-04-08-Radtour-Heimatverein-Bersenbrueck.Foto-Reinhard-Rehkamp-6-780x586.jpg 780w, https:\/\/heimatvereinbersenbrueck.de\/wordpress\/wp-content\/uploads\/2026\/04\/2026-04-08-Radtour-Heimatverein-Bersenbrueck.Foto-Reinhard-Rehkamp-6-250x188.jpg 250w\" sizes=\"auto, (max-width: 960px) 100vw, 960px\" \/><\/a><\/figure>\n\n\n\n<figure class=\"wp-block-image size-large\"><a href=\"https:\/\/heimatvereinbersenbrueck.de\/wordpress\/wp-content\/uploads\/2026\/04\/2026_04-08-Radwanderung-nach-Ankum-Foto-de-Jong.jpeg\"><img loading=\"lazy\" decoding=\"async\" width=\"960\" height=\"720\" data-id=\"4853\" src=\"https:\/\/heimatvereinbersenbrueck.de\/wordpress\/wp-content\/uploads\/2026\/04\/2026_04-08-Radwanderung-nach-Ankum-Foto-de-Jong-960x720.jpeg\" alt=\"\" class=\"wp-image-4853\" srcset=\"https:\/\/heimatvereinbersenbrueck.de\/wordpress\/wp-content\/uploads\/2026\/04\/2026_04-08-Radwanderung-nach-Ankum-Foto-de-Jong-960x720.jpeg 960w, https:\/\/heimatvereinbersenbrueck.de\/wordpress\/wp-content\/uploads\/2026\/04\/2026_04-08-Radwanderung-nach-Ankum-Foto-de-Jong-620x465.jpeg 620w, https:\/\/heimatvereinbersenbrueck.de\/wordpress\/wp-content\/uploads\/2026\/04\/2026_04-08-Radwanderung-nach-Ankum-Foto-de-Jong-768x576.jpeg 768w, https:\/\/heimatvereinbersenbrueck.de\/wordpress\/wp-content\/uploads\/2026\/04\/2026_04-08-Radwanderung-nach-Ankum-Foto-de-Jong-1536x1152.jpeg 1536w, https:\/\/heimatvereinbersenbrueck.de\/wordpress\/wp-content\/uploads\/2026\/04\/2026_04-08-Radwanderung-nach-Ankum-Foto-de-Jong-350x263.jpeg 350w, https:\/\/heimatvereinbersenbrueck.de\/wordpress\/wp-content\/uploads\/2026\/04\/2026_04-08-Radwanderung-nach-Ankum-Foto-de-Jong-780x586.jpeg 780w, https:\/\/heimatvereinbersenbrueck.de\/wordpress\/wp-content\/uploads\/2026\/04\/2026_04-08-Radwanderung-nach-Ankum-Foto-de-Jong-250x188.jpeg 250w, https:\/\/heimatvereinbersenbrueck.de\/wordpress\/wp-content\/uploads\/2026\/04\/2026_04-08-Radwanderung-nach-Ankum-Foto-de-Jong.jpeg 2016w\" sizes=\"auto, (max-width: 960px) 100vw, 960px\" \/><\/a><\/figure>\n\n\n\n<figure class=\"wp-block-image size-large\"><a href=\"https:\/\/heimatvereinbersenbrueck.de\/wordpress\/wp-content\/uploads\/2026\/04\/2026-04-08-Radtour-Heimatverein-Bersenbrueck.Foto-Reinhard-Rehkamp-7-scaled.jpg\"><img loading=\"lazy\" decoding=\"async\" width=\"960\" height=\"720\" data-id=\"4849\" src=\"https:\/\/heimatvereinbersenbrueck.de\/wordpress\/wp-content\/uploads\/2026\/04\/2026-04-08-Radtour-Heimatverein-Bersenbrueck.Foto-Reinhard-Rehkamp-7-960x720.jpg\" alt=\"\" class=\"wp-image-4849\" srcset=\"https:\/\/heimatvereinbersenbrueck.de\/wordpress\/wp-content\/uploads\/2026\/04\/2026-04-08-Radtour-Heimatverein-Bersenbrueck.Foto-Reinhard-Rehkamp-7-960x720.jpg 960w, https:\/\/heimatvereinbersenbrueck.de\/wordpress\/wp-content\/uploads\/2026\/04\/2026-04-08-Radtour-Heimatverein-Bersenbrueck.Foto-Reinhard-Rehkamp-7-620x465.jpg 620w, https:\/\/heimatvereinbersenbrueck.de\/wordpress\/wp-content\/uploads\/2026\/04\/2026-04-08-Radtour-Heimatverein-Bersenbrueck.Foto-Reinhard-Rehkamp-7-768x576.jpg 768w, https:\/\/heimatvereinbersenbrueck.de\/wordpress\/wp-content\/uploads\/2026\/04\/2026-04-08-Radtour-Heimatverein-Bersenbrueck.Foto-Reinhard-Rehkamp-7-1536x1152.jpg 1536w, https:\/\/heimatvereinbersenbrueck.de\/wordpress\/wp-content\/uploads\/2026\/04\/2026-04-08-Radtour-Heimatverein-Bersenbrueck.Foto-Reinhard-Rehkamp-7-2048x1536.jpg 2048w, https:\/\/heimatvereinbersenbrueck.de\/wordpress\/wp-content\/uploads\/2026\/04\/2026-04-08-Radtour-Heimatverein-Bersenbrueck.Foto-Reinhard-Rehkamp-7-350x263.jpg 350w, https:\/\/heimatvereinbersenbrueck.de\/wordpress\/wp-content\/uploads\/2026\/04\/2026-04-08-Radtour-Heimatverein-Bersenbrueck.Foto-Reinhard-Rehkamp-7-780x586.jpg 780w, https:\/\/heimatvereinbersenbrueck.de\/wordpress\/wp-content\/uploads\/2026\/04\/2026-04-08-Radtour-Heimatverein-Bersenbrueck.Foto-Reinhard-Rehkamp-7-250x188.jpg 250w\" sizes=\"auto, (max-width: 960px) 100vw, 960px\" \/><\/a><\/figure>\n\n\n\n<figure class=\"wp-block-image size-large\"><a href=\"https:\/\/heimatvereinbersenbrueck.de\/wordpress\/wp-content\/uploads\/2026\/04\/2026-04-08-Radtour-Heimatverein-Bersenbrueck.Foto-Heimatverein-Bersenbrueck.jpg\"><img loading=\"lazy\" decoding=\"async\" width=\"960\" height=\"720\" data-id=\"4851\" src=\"https:\/\/heimatvereinbersenbrueck.de\/wordpress\/wp-content\/uploads\/2026\/04\/2026-04-08-Radtour-Heimatverein-Bersenbrueck.Foto-Heimatverein-Bersenbrueck-960x720.jpg\" alt=\"\" class=\"wp-image-4851\" srcset=\"https:\/\/heimatvereinbersenbrueck.de\/wordpress\/wp-content\/uploads\/2026\/04\/2026-04-08-Radtour-Heimatverein-Bersenbrueck.Foto-Heimatverein-Bersenbrueck-960x720.jpg 960w, https:\/\/heimatvereinbersenbrueck.de\/wordpress\/wp-content\/uploads\/2026\/04\/2026-04-08-Radtour-Heimatverein-Bersenbrueck.Foto-Heimatverein-Bersenbrueck-620x465.jpg 620w, https:\/\/heimatvereinbersenbrueck.de\/wordpress\/wp-content\/uploads\/2026\/04\/2026-04-08-Radtour-Heimatverein-Bersenbrueck.Foto-Heimatverein-Bersenbrueck-768x576.jpg 768w, https:\/\/heimatvereinbersenbrueck.de\/wordpress\/wp-content\/uploads\/2026\/04\/2026-04-08-Radtour-Heimatverein-Bersenbrueck.Foto-Heimatverein-Bersenbrueck-1536x1152.jpg 1536w, https:\/\/heimatvereinbersenbrueck.de\/wordpress\/wp-content\/uploads\/2026\/04\/2026-04-08-Radtour-Heimatverein-Bersenbrueck.Foto-Heimatverein-Bersenbrueck-2048x1536.jpg 2048w, https:\/\/heimatvereinbersenbrueck.de\/wordpress\/wp-content\/uploads\/2026\/04\/2026-04-08-Radtour-Heimatverein-Bersenbrueck.Foto-Heimatverein-Bersenbrueck-350x263.jpg 350w, https:\/\/heimatvereinbersenbrueck.de\/wordpress\/wp-content\/uploads\/2026\/04\/2026-04-08-Radtour-Heimatverein-Bersenbrueck.Foto-Heimatverein-Bersenbrueck-780x586.jpg 780w, https:\/\/heimatvereinbersenbrueck.de\/wordpress\/wp-content\/uploads\/2026\/04\/2026-04-08-Radtour-Heimatverein-Bersenbrueck.Foto-Heimatverein-Bersenbrueck-250x188.jpg 250w\" sizes=\"auto, (max-width: 960px) 100vw, 960px\" \/><\/a><\/figure>\n\n\n\n<figure class=\"wp-block-image size-large\"><a href=\"https:\/\/heimatvereinbersenbrueck.de\/wordpress\/wp-content\/uploads\/2026\/04\/2026-04-08-Radtour-Heimatverein-Bersenbrueck.Foto-Reinhard-Rehkamp-10-scaled.jpg\"><img loading=\"lazy\" decoding=\"async\" width=\"960\" height=\"720\" data-id=\"4850\" src=\"https:\/\/heimatvereinbersenbrueck.de\/wordpress\/wp-content\/uploads\/2026\/04\/2026-04-08-Radtour-Heimatverein-Bersenbrueck.Foto-Reinhard-Rehkamp-10-960x720.jpg\" alt=\"\" class=\"wp-image-4850\" srcset=\"https:\/\/heimatvereinbersenbrueck.de\/wordpress\/wp-content\/uploads\/2026\/04\/2026-04-08-Radtour-Heimatverein-Bersenbrueck.Foto-Reinhard-Rehkamp-10-960x720.jpg 960w, https:\/\/heimatvereinbersenbrueck.de\/wordpress\/wp-content\/uploads\/2026\/04\/2026-04-08-Radtour-Heimatverein-Bersenbrueck.Foto-Reinhard-Rehkamp-10-620x465.jpg 620w, https:\/\/heimatvereinbersenbrueck.de\/wordpress\/wp-content\/uploads\/2026\/04\/2026-04-08-Radtour-Heimatverein-Bersenbrueck.Foto-Reinhard-Rehkamp-10-768x576.jpg 768w, https:\/\/heimatvereinbersenbrueck.de\/wordpress\/wp-content\/uploads\/2026\/04\/2026-04-08-Radtour-Heimatverein-Bersenbrueck.Foto-Reinhard-Rehkamp-10-1536x1152.jpg 1536w, https:\/\/heimatvereinbersenbrueck.de\/wordpress\/wp-content\/uploads\/2026\/04\/2026-04-08-Radtour-Heimatverein-Bersenbrueck.Foto-Reinhard-Rehkamp-10-2048x1536.jpg 2048w, https:\/\/heimatvereinbersenbrueck.de\/wordpress\/wp-content\/uploads\/2026\/04\/2026-04-08-Radtour-Heimatverein-Bersenbrueck.Foto-Reinhard-Rehkamp-10-350x263.jpg 350w, https:\/\/heimatvereinbersenbrueck.de\/wordpress\/wp-content\/uploads\/2026\/04\/2026-04-08-Radtour-Heimatverein-Bersenbrueck.Foto-Reinhard-Rehkamp-10-780x586.jpg 780w, https:\/\/heimatvereinbersenbrueck.de\/wordpress\/wp-content\/uploads\/2026\/04\/2026-04-08-Radtour-Heimatverein-Bersenbrueck.Foto-Reinhard-Rehkamp-10-250x188.jpg 250w\" sizes=\"auto, (max-width: 960px) 100vw, 960px\" \/><\/a><\/figure>\n<\/figure>\n\n\n\n<p>Text und Fotos Reinhard Rehkakmp<\/p>\n\n\n\n<p><\/p>\n","protected":false},"excerpt":{"rendered":"<p>Mit einer guten Beteiligung von 20 Heimatfreunden ist der Heimatverein Bersenbr\u00fcck in seine diesj\u00e4hrige Radtour-Saison gestartet. Bei fr\u00fchlingshaften Temperaturen leitete Radwanderwart Reinhard P\u00f6ttker die Gruppe vom Heimathaus beginnend \u00fcber Lohbeck in Richtung Druchhorn. Beim Speckbuckstein wurde eine kurze Trinkpause eingelegt. Als man beim ge\u00f6ffneten Sitter-Cafe in Ahausen vorbeikam, dachten schon viele das hier eine gr\u00f6\u00dfere Rast eingelegt w\u00fcrde. Aber die <a class=\"more-link\" href=\"https:\/\/heimatvereinbersenbrueck.de\/wordpress\/home-2\/inhalt-2026-fuer-startseite\/20-heimatfreunde-liessen-sich-auf-ihrer-ersten-diesjaehrigen-fahrradtour-das-eis-in-ankum-schmecken\/\">&lt;weiterlesen&#8230;<\/a><\/p>\n","protected":false},"author":3,"featured_media":4851,"parent":4094,"menu_order":0,"comment_status":"closed","ping_status":"closed","template":"","meta":{"pgc_sgb_lightbox_settings":"","_EventAllDay":false,"_EventTimezone":"","_EventStartDate":"","_EventEndDate":"","_EventStartDateUTC":"","_EventEndDateUTC":"","_EventShowMap":false,"_EventShowMapLink":false,"_EventURL":"","_EventCost":"","_EventCostDescription":"","_EventCurrencySymbol":"","_EventCurrencyCode":"","_EventCurrencyPosition":"","_EventDateTimeSeparator":"","_EventTimeRangeSeparator":"","_EventOrganizerID":[],"_EventVenueID":[],"_OrganizerEmail":"","_OrganizerPhone":"","_OrganizerWebsite":"","_VenueAddress":"","_VenueCity":"","_VenueCountry":"","_VenueProvince":"","_VenueState":"","_VenueZip":"","_VenuePhone":"","_VenueURL":"","_VenueStateProvince":"","_VenueLat":"","_VenueLng":"","_VenueShowMap":false,"_VenueShowMapLink":false,"footnotes":""},"class_list":["post-4847","page","type-page","status-publish","has-post-thumbnail","hentry"],"_links":{"self":[{"href":"https:\/\/heimatvereinbersenbrueck.de\/wordpress\/wp-json\/wp\/v2\/pages\/4847","targetHints":{"allow":["GET"]}}],"collection":[{"href":"https:\/\/heimatvereinbersenbrueck.de\/wordpress\/wp-json\/wp\/v2\/pages"}],"about":[{"href":"https:\/\/heimatvereinbersenbrueck.de\/wordpress\/wp-json\/wp\/v2\/types\/page"}],"author":[{"embeddable":true,"href":"https:\/\/heimatvereinbersenbrueck.de\/wordpress\/wp-json\/wp\/v2\/users\/3"}],"replies":[{"embeddable":true,"href":"https:\/\/heimatvereinbersenbrueck.de\/wordpress\/wp-json\/wp\/v2\/comments?post=4847"}],"version-history":[{"count":5,"href":"https:\/\/heimatvereinbersenbrueck.de\/wordpress\/wp-json\/wp\/v2\/pages\/4847\/revisions"}],"predecessor-version":[{"id":4881,"href":"https:\/\/heimatvereinbersenbrueck.de\/wordpress\/wp-json\/wp\/v2\/pages\/4847\/revisions\/4881"}],"up":[{"embeddable":true,"href":"https:\/\/heimatvereinbersenbrueck.de\/wordpress\/wp-json\/wp\/v2\/pages\/4094"}],"wp:featuredmedia":[{"embeddable":true,"href":"https:\/\/heimatvereinbersenbrueck.de\/wordpress\/wp-json\/wp\/v2\/media\/4851"}],"wp:attachment":[{"href":"https:\/\/heimatvereinbersenbrueck.de\/wordpress\/wp-json\/wp\/v2\/media?parent=4847"}],"curies":[{"name":"wp","href":"https:\/\/api.w.org\/{rel}","templated":true}]}}