{"id":4876,"date":"2026-04-24T09:48:16","date_gmt":"2026-04-24T07:48:16","guid":{"rendered":"https:\/\/heimatvereinbersenbrueck.de\/wordpress\/?page_id=4876"},"modified":"2026-04-24T09:50:48","modified_gmt":"2026-04-24T07:50:48","slug":"christoph-markus-erhielt-goldene-ehrennadel-des-heimatvereins-bersenbrueck-hermann-winner-neuer-stellvertretender-geschaeftsfuehrer","status":"publish","type":"page","link":"https:\/\/heimatvereinbersenbrueck.de\/wordpress\/home-2\/inhalt-2026-fuer-startseite\/christoph-markus-erhielt-goldene-ehrennadel-des-heimatvereins-bersenbrueck-hermann-winner-neuer-stellvertretender-geschaeftsfuehrer\/","title":{"rendered":"Christoph Markus erhielt goldene Ehrennadel des Heimatvereins Bersenbr\u00fcck \u2013 Hermann Winner neuer stellvertretender Gesch\u00e4ftsf\u00fchrer"},"content":{"rendered":"\n<p>Auf der Jahreshauptversammlung des Heimatvereins Bersenbr\u00fcck ist der bisherige stellvertretende Gesch\u00e4ftsf\u00fchrer Christoph Markus mit der goldenen Ehrennadel des Heimatvereins f\u00fcr seine langj\u00e4hrige T\u00e4tigkeit ausgezeichnet worden.<br><br>Da er bei den Vorstandswahlen nicht wieder kandidierte, wurde Prof. Dr. Hermann Winner als sein Nachfolger gew\u00e4hlt. Manfred Kalmlage wurde als stellvertretender Vorsitzender wieder gew\u00e4hlt.<br><\/p>\n\n\n\n<p>Zuvor hatte der Vorsitzende Franz Buitmann einen Jahresr\u00fcckblick in Wort und Bild gegeben. Dabei wurde deutlich welch ein umfangreiches Angebot an Aktivit\u00e4ten jedes Jahr der Heimatverein vorh\u00e4lt. Als Schlagworte seien hier nur ein paar Aktionen wie die diverse Umweltaktionen, das Maibaumaufstellen am 30.April, die verschiedenen Radtouren, die Foto-AG, die gemeinsamen Singabenden, die plattdeutschen Gespr\u00e4chsrunden und der j\u00e4hrlich erscheinende Heimatkalender genannt.<\/p>\n\n\n\n<p>Dies sei nur m\u00f6glich, weil sich zahlreiche Mitglieder in unterschiedlichster Art und Weise f\u00fcr den Verein engagieren. <\/p>\n\n\n\n<p>\u00dcber eine gesunde Kassenlage konnte Kassenwart Matthias Wesselkamp f\u00fcr den 273 Mitglieder z\u00e4hlenden Verein berichten, obwohl das neue Wasserrad zu finanzieren war.<\/p>\n\n\n\n<p>Die beiden Kassenpr\u00fcfer Alfons Hugenberg und Reinhard Schr\u00f6der bescheinigten ihm eine einwandfreie Kassenf\u00fchrung und wurden in ihren \u00c4mter wieder gew\u00e4hlt.<\/p>\n\n\n\n<p><strong>Die diesj\u00e4hrige Tagesfahrt f\u00fchrt am 20.August zum Schloss Ahaus und zur Glockengie\u00dferei nach Gescher. Anmeldungen nimmt der Vorsitzende Franz Buitmann noch entgegen.<\/strong><\/p>\n\n\n\n<figure class=\"wp-block-image size-large\"><a href=\"https:\/\/heimatvereinbersenbrueck.de\/wordpress\/wp-content\/uploads\/2026\/04\/2026-03-06-Jahreshauptversammlung-Heimatverein-Bersenbrueck.Foto-Reinhard-Rehkamp-scaled.jpg\"><img loading=\"lazy\" decoding=\"async\" width=\"960\" height=\"640\" src=\"https:\/\/heimatvereinbersenbrueck.de\/wordpress\/wp-content\/uploads\/2026\/04\/2026-03-06-Jahreshauptversammlung-Heimatverein-Bersenbrueck.Foto-Reinhard-Rehkamp-960x640.jpg\" alt=\"\" class=\"wp-image-4866\" srcset=\"https:\/\/heimatvereinbersenbrueck.de\/wordpress\/wp-content\/uploads\/2026\/04\/2026-03-06-Jahreshauptversammlung-Heimatverein-Bersenbrueck.Foto-Reinhard-Rehkamp-960x640.jpg 960w, https:\/\/heimatvereinbersenbrueck.de\/wordpress\/wp-content\/uploads\/2026\/04\/2026-03-06-Jahreshauptversammlung-Heimatverein-Bersenbrueck.Foto-Reinhard-Rehkamp-620x413.jpg 620w, https:\/\/heimatvereinbersenbrueck.de\/wordpress\/wp-content\/uploads\/2026\/04\/2026-03-06-Jahreshauptversammlung-Heimatverein-Bersenbrueck.Foto-Reinhard-Rehkamp-768x512.jpg 768w, https:\/\/heimatvereinbersenbrueck.de\/wordpress\/wp-content\/uploads\/2026\/04\/2026-03-06-Jahreshauptversammlung-Heimatverein-Bersenbrueck.Foto-Reinhard-Rehkamp-1536x1024.jpg 1536w, https:\/\/heimatvereinbersenbrueck.de\/wordpress\/wp-content\/uploads\/2026\/04\/2026-03-06-Jahreshauptversammlung-Heimatverein-Bersenbrueck.Foto-Reinhard-Rehkamp-2048x1365.jpg 2048w\" sizes=\"auto, (max-width: 960px) 100vw, 960px\" \/><\/a><figcaption class=\"wp-element-caption\">Das Foto zeigt von links nach rechts Manfred Kalmlage, Franz Buitmann, Christoph Markus und Hermann Winner.<br><\/figcaption><\/figure>\n\n\n\n<p>Text und Foto Reinhard Rehkamp<\/p>\n\n\n\n<p><\/p>\n","protected":false},"excerpt":{"rendered":"<p>Auf der Jahreshauptversammlung des Heimatvereins Bersenbr\u00fcck ist der bisherige stellvertretende Gesch\u00e4ftsf\u00fchrer Christoph Markus mit der goldenen Ehrennadel des Heimatvereins f\u00fcr seine langj\u00e4hrige T\u00e4tigkeit ausgezeichnet worden. Da er bei den Vorstandswahlen nicht wieder kandidierte, wurde Prof. Dr. Hermann Winner als sein Nachfolger gew\u00e4hlt. Manfred Kalmlage wurde als stellvertretender Vorsitzender wieder gew\u00e4hlt. Zuvor hatte der Vorsitzende Franz Buitmann einen Jahresr\u00fcckblick in Wort <a class=\"more-link\" href=\"https:\/\/heimatvereinbersenbrueck.de\/wordpress\/home-2\/inhalt-2026-fuer-startseite\/christoph-markus-erhielt-goldene-ehrennadel-des-heimatvereins-bersenbrueck-hermann-winner-neuer-stellvertretender-geschaeftsfuehrer\/\">&lt;weiterlesen&#8230;<\/a><\/p>\n","protected":false},"author":3,"featured_media":4866,"parent":4094,"menu_order":0,"comment_status":"closed","ping_status":"closed","template":"","meta":{"pgc_sgb_lightbox_settings":"","_EventAllDay":false,"_EventTimezone":"","_EventStartDate":"","_EventEndDate":"","_EventStartDateUTC":"","_EventEndDateUTC":"","_EventShowMap":false,"_EventShowMapLink":false,"_EventURL":"","_EventCost":"","_EventCostDescription":"","_EventCurrencySymbol":"","_EventCurrencyCode":"","_EventCurrencyPosition":"","_EventDateTimeSeparator":"","_EventTimeRangeSeparator":"","_EventOrganizerID":[],"_EventVenueID":[],"_OrganizerEmail":"","_OrganizerPhone":"","_OrganizerWebsite":"","_VenueAddress":"","_VenueCity":"","_VenueCountry":"","_VenueProvince":"","_VenueState":"","_VenueZip":"","_VenuePhone":"","_VenueURL":"","_VenueStateProvince":"","_VenueLat":"","_VenueLng":"","_VenueShowMap":false,"_VenueShowMapLink":false,"footnotes":""},"class_list":["post-4876","page","type-page","status-publish","has-post-thumbnail","hentry"],"_links":{"self":[{"href":"https:\/\/heimatvereinbersenbrueck.de\/wordpress\/wp-json\/wp\/v2\/pages\/4876","targetHints":{"allow":["GET"]}}],"collection":[{"href":"https:\/\/heimatvereinbersenbrueck.de\/wordpress\/wp-json\/wp\/v2\/pages"}],"about":[{"href":"https:\/\/heimatvereinbersenbrueck.de\/wordpress\/wp-json\/wp\/v2\/types\/page"}],"author":[{"embeddable":true,"href":"https:\/\/heimatvereinbersenbrueck.de\/wordpress\/wp-json\/wp\/v2\/users\/3"}],"replies":[{"embeddable":true,"href":"https:\/\/heimatvereinbersenbrueck.de\/wordpress\/wp-json\/wp\/v2\/comments?post=4876"}],"version-history":[{"count":3,"href":"https:\/\/heimatvereinbersenbrueck.de\/wordpress\/wp-json\/wp\/v2\/pages\/4876\/revisions"}],"predecessor-version":[{"id":4879,"href":"https:\/\/heimatvereinbersenbrueck.de\/wordpress\/wp-json\/wp\/v2\/pages\/4876\/revisions\/4879"}],"up":[{"embeddable":true,"href":"https:\/\/heimatvereinbersenbrueck.de\/wordpress\/wp-json\/wp\/v2\/pages\/4094"}],"wp:featuredmedia":[{"embeddable":true,"href":"https:\/\/heimatvereinbersenbrueck.de\/wordpress\/wp-json\/wp\/v2\/media\/4866"}],"wp:attachment":[{"href":"https:\/\/heimatvereinbersenbrueck.de\/wordpress\/wp-json\/wp\/v2\/media?parent=4876"}],"curies":[{"name":"wp","href":"https:\/\/api.w.org\/{rel}","templated":true}]}}