{"id":4909,"date":"2026-05-15T09:46:58","date_gmt":"2026-05-15T07:46:58","guid":{"rendered":"https:\/\/heimatvereinbersenbrueck.de\/wordpress\/?page_id=4909"},"modified":"2026-05-15T09:53:06","modified_gmt":"2026-05-15T07:53:06","slug":"unsere-2te-fahrradtour-am-12-05-2026-fuehrte-die-mitglieder-der-radwandergruppe-des-heimatvereins-bersenbrueck-zur-bio-baumschule-geers-in-bersenbrueck-lohbeck","status":"publish","type":"page","link":"https:\/\/heimatvereinbersenbrueck.de\/wordpress\/home-2\/inhalt-2026-fuer-startseite\/unsere-2te-fahrradtour-am-12-05-2026-fuehrte-die-mitglieder-der-radwandergruppe-des-heimatvereins-bersenbrueck-zur-bio-baumschule-geers-in-bersenbrueck-lohbeck\/","title":{"rendered":"Unsere 2te Fahrradtour am 12.05.2026 f\u00fchrte die Mitglieder der Radwandergruppe des Heimatvereins Bersenbr\u00fcck zur Bio Baumschule Geers in Bersenbr\u00fcck, Lohbeck"},"content":{"rendered":"\n<p>Bei wechselhaftem Eisheiligen &#8211; Wetter f\u00fchrte die Fahrradtour zur Bio Baumschule Geers.<\/p>\n\n\n\n<p>Hier konnten die Teilnehmer interessante Einblicke in die Leistungsf\u00e4higkeit der Bio Baumschule Geers als einem weiteren&nbsp;<strong>Hidden Champion<\/strong>&nbsp;in Bersenbr\u00fcck durch den Firmeninhaber Hubert Geers erhalten.<\/p>\n\n\n\n<figure class=\"wp-block-image\"><a href=\"https:\/\/heimatvereinbersenbrueck.de\/wordpress\/wp-content\/uploads\/2026\/05\/2026-05-12-HVB-Radwanderung-Foto-1-Franz-Buitmann.jpg\"><img loading=\"lazy\" decoding=\"async\" width=\"960\" height=\"720\" src=\"https:\/\/heimatvereinbersenbrueck.de\/wordpress\/wp-content\/uploads\/2026\/05\/2026-05-12-HVB-Radwanderung-Foto-1-Franz-Buitmann-960x720.jpg\" alt=\"\" class=\"wp-image-4900\" srcset=\"https:\/\/heimatvereinbersenbrueck.de\/wordpress\/wp-content\/uploads\/2026\/05\/2026-05-12-HVB-Radwanderung-Foto-1-Franz-Buitmann-960x720.jpg 960w, https:\/\/heimatvereinbersenbrueck.de\/wordpress\/wp-content\/uploads\/2026\/05\/2026-05-12-HVB-Radwanderung-Foto-1-Franz-Buitmann-620x465.jpg 620w, https:\/\/heimatvereinbersenbrueck.de\/wordpress\/wp-content\/uploads\/2026\/05\/2026-05-12-HVB-Radwanderung-Foto-1-Franz-Buitmann-768x576.jpg 768w, https:\/\/heimatvereinbersenbrueck.de\/wordpress\/wp-content\/uploads\/2026\/05\/2026-05-12-HVB-Radwanderung-Foto-1-Franz-Buitmann-1536x1152.jpg 1536w, https:\/\/heimatvereinbersenbrueck.de\/wordpress\/wp-content\/uploads\/2026\/05\/2026-05-12-HVB-Radwanderung-Foto-1-Franz-Buitmann-350x263.jpg 350w, https:\/\/heimatvereinbersenbrueck.de\/wordpress\/wp-content\/uploads\/2026\/05\/2026-05-12-HVB-Radwanderung-Foto-1-Franz-Buitmann-780x586.jpg 780w, https:\/\/heimatvereinbersenbrueck.de\/wordpress\/wp-content\/uploads\/2026\/05\/2026-05-12-HVB-Radwanderung-Foto-1-Franz-Buitmann-250x188.jpg 250w, https:\/\/heimatvereinbersenbrueck.de\/wordpress\/wp-content\/uploads\/2026\/05\/2026-05-12-HVB-Radwanderung-Foto-1-Franz-Buitmann.jpg 2016w\" sizes=\"auto, (max-width: 960px) 100vw, 960px\" \/><\/a><\/figure>\n\n\n\n<p>Bei der Rundfahrt durch das ca. 12 ha gro\u00dfe Firmengel\u00e4nde in Bersenbr\u00fcck konnten die Teilnehmer auch Einblicke in die Arbeit der Mitarbeiter vor Ort gewinnen.<\/p>\n\n\n\n<figure class=\"wp-block-image\"><a href=\"https:\/\/heimatvereinbersenbrueck.de\/wordpress\/wp-content\/uploads\/2026\/05\/2026-05-12-HVB-Radwanderung-Foto-2-Franz-Buitmann.jpg\"><img loading=\"lazy\" decoding=\"async\" width=\"960\" height=\"720\" src=\"https:\/\/heimatvereinbersenbrueck.de\/wordpress\/wp-content\/uploads\/2026\/05\/2026-05-12-HVB-Radwanderung-Foto-2-Franz-Buitmann-960x720.jpg\" alt=\"\" class=\"wp-image-4899\" srcset=\"https:\/\/heimatvereinbersenbrueck.de\/wordpress\/wp-content\/uploads\/2026\/05\/2026-05-12-HVB-Radwanderung-Foto-2-Franz-Buitmann-960x720.jpg 960w, https:\/\/heimatvereinbersenbrueck.de\/wordpress\/wp-content\/uploads\/2026\/05\/2026-05-12-HVB-Radwanderung-Foto-2-Franz-Buitmann-620x465.jpg 620w, https:\/\/heimatvereinbersenbrueck.de\/wordpress\/wp-content\/uploads\/2026\/05\/2026-05-12-HVB-Radwanderung-Foto-2-Franz-Buitmann-768x576.jpg 768w, https:\/\/heimatvereinbersenbrueck.de\/wordpress\/wp-content\/uploads\/2026\/05\/2026-05-12-HVB-Radwanderung-Foto-2-Franz-Buitmann-1536x1152.jpg 1536w, https:\/\/heimatvereinbersenbrueck.de\/wordpress\/wp-content\/uploads\/2026\/05\/2026-05-12-HVB-Radwanderung-Foto-2-Franz-Buitmann-350x263.jpg 350w, https:\/\/heimatvereinbersenbrueck.de\/wordpress\/wp-content\/uploads\/2026\/05\/2026-05-12-HVB-Radwanderung-Foto-2-Franz-Buitmann-780x586.jpg 780w, https:\/\/heimatvereinbersenbrueck.de\/wordpress\/wp-content\/uploads\/2026\/05\/2026-05-12-HVB-Radwanderung-Foto-2-Franz-Buitmann-250x188.jpg 250w, https:\/\/heimatvereinbersenbrueck.de\/wordpress\/wp-content\/uploads\/2026\/05\/2026-05-12-HVB-Radwanderung-Foto-2-Franz-Buitmann.jpg 2016w\" sizes=\"auto, (max-width: 960px) 100vw, 960px\" \/><\/a><\/figure>\n\n\n\n<p><br>Mit 90 \u2013 120 Mitarbeitern je nach Jahreszeit an den Standorten Bersenbr\u00fcck und M\u00fcnster<br>ist die Bio Baumschule Geers ein namhafter Lieferant von hochwertigen Bioland zertifizierten Obstgeh\u00f6lzen f\u00fcr Gro\u00dfanbieter z.b. aus der Baumarktbranche in Deutschland.<\/p>\n\n\n\n<p>Von Bersenbr\u00fcck ausgehend werden die Gartenfreunde mit einem umfangreichen Sortiment von kleinw\u00fcchsigen Obstgeh\u00f6lzen (u.a. Himbeere, Apfel, Birne, Kirsche sowie winterharte Exoten, Halbst\u00e4mme historischer Sorten , sowie besondere Sorten wie\u00a0<strong>Papaya<\/strong>\u00a0und\u00a0<strong>Maracuja<\/strong>\u00a0) versorgt.<\/p>\n\n\n\n<p>Hierbei wird besonders Wert auf eine nachhaltige Produktion der Pflanzen gelegt.<\/p>\n\n\n\n<p>Detailinformationen hierzu auf der Firmen Homepage&nbsp;<a href=\"https:\/\/biobaumschule-geers.com\/\">\u2013 Bio Baumschule Geers<\/a>&lt;<br><a href=\"https:\/\/biobaumschule-geers.com\/\">https:\/\/biobaumschule-geers.com\/<\/a><\/p>\n\n\n\n<p>Vielen Dank an Hubert Geers f\u00fcr den Einblick in sein Unternehmen!<\/p>\n\n\n\n<figure class=\"wp-block-image\"><a href=\"https:\/\/heimatvereinbersenbrueck.de\/wordpress\/wp-content\/uploads\/2026\/05\/2026-05-12-HVB-Radwanderung-Foto-Titel-0.jpg\"><img loading=\"lazy\" decoding=\"async\" width=\"960\" height=\"720\" src=\"https:\/\/heimatvereinbersenbrueck.de\/wordpress\/wp-content\/uploads\/2026\/05\/2026-05-12-HVB-Radwanderung-Foto-Titel-0-960x720.jpg\" alt=\"\" class=\"wp-image-4901\" srcset=\"https:\/\/heimatvereinbersenbrueck.de\/wordpress\/wp-content\/uploads\/2026\/05\/2026-05-12-HVB-Radwanderung-Foto-Titel-0-960x720.jpg 960w, https:\/\/heimatvereinbersenbrueck.de\/wordpress\/wp-content\/uploads\/2026\/05\/2026-05-12-HVB-Radwanderung-Foto-Titel-0-620x465.jpg 620w, https:\/\/heimatvereinbersenbrueck.de\/wordpress\/wp-content\/uploads\/2026\/05\/2026-05-12-HVB-Radwanderung-Foto-Titel-0-768x576.jpg 768w, https:\/\/heimatvereinbersenbrueck.de\/wordpress\/wp-content\/uploads\/2026\/05\/2026-05-12-HVB-Radwanderung-Foto-Titel-0-1536x1152.jpg 1536w, https:\/\/heimatvereinbersenbrueck.de\/wordpress\/wp-content\/uploads\/2026\/05\/2026-05-12-HVB-Radwanderung-Foto-Titel-0-350x263.jpg 350w, https:\/\/heimatvereinbersenbrueck.de\/wordpress\/wp-content\/uploads\/2026\/05\/2026-05-12-HVB-Radwanderung-Foto-Titel-0-780x586.jpg 780w, https:\/\/heimatvereinbersenbrueck.de\/wordpress\/wp-content\/uploads\/2026\/05\/2026-05-12-HVB-Radwanderung-Foto-Titel-0-250x188.jpg 250w, https:\/\/heimatvereinbersenbrueck.de\/wordpress\/wp-content\/uploads\/2026\/05\/2026-05-12-HVB-Radwanderung-Foto-Titel-0.jpg 2016w\" sizes=\"auto, (max-width: 960px) 100vw, 960px\" \/><\/a><\/figure>\n\n\n\n<p><\/p>\n","protected":false},"excerpt":{"rendered":"<p>Bei wechselhaftem Eisheiligen &#8211; Wetter f\u00fchrte die Fahrradtour zur Bio Baumschule Geers. Hier konnten die Teilnehmer interessante Einblicke in die Leistungsf\u00e4higkeit der Bio Baumschule Geers als einem weiteren&nbsp;Hidden Champion&nbsp;in Bersenbr\u00fcck durch den Firmeninhaber Hubert Geers erhalten. Bei der Rundfahrt durch das ca. 12 ha gro\u00dfe Firmengel\u00e4nde in Bersenbr\u00fcck konnten die Teilnehmer auch Einblicke in die Arbeit der Mitarbeiter vor Ort <a class=\"more-link\" href=\"https:\/\/heimatvereinbersenbrueck.de\/wordpress\/home-2\/inhalt-2026-fuer-startseite\/unsere-2te-fahrradtour-am-12-05-2026-fuehrte-die-mitglieder-der-radwandergruppe-des-heimatvereins-bersenbrueck-zur-bio-baumschule-geers-in-bersenbrueck-lohbeck\/\">&lt;weiterlesen&#8230;<\/a><\/p>\n","protected":false},"author":3,"featured_media":0,"parent":4094,"menu_order":0,"comment_status":"closed","ping_status":"closed","template":"","meta":{"pgc_sgb_lightbox_settings":"","_EventAllDay":false,"_EventTimezone":"","_EventStartDate":"","_EventEndDate":"","_EventStartDateUTC":"","_EventEndDateUTC":"","_EventShowMap":false,"_EventShowMapLink":false,"_EventURL":"","_EventCost":"","_EventCostDescription":"","_EventCurrencySymbol":"","_EventCurrencyCode":"","_EventCurrencyPosition":"","_EventDateTimeSeparator":"","_EventTimeRangeSeparator":"","_EventOrganizerID":[],"_EventVenueID":[],"_OrganizerEmail":"","_OrganizerPhone":"","_OrganizerWebsite":"","_VenueAddress":"","_VenueCity":"","_VenueCountry":"","_VenueProvince":"","_VenueState":"","_VenueZip":"","_VenuePhone":"","_VenueURL":"","_VenueStateProvince":"","_VenueLat":"","_VenueLng":"","_VenueShowMap":false,"_VenueShowMapLink":false,"footnotes":""},"class_list":["post-4909","page","type-page","status-publish","hentry"],"_links":{"self":[{"href":"https:\/\/heimatvereinbersenbrueck.de\/wordpress\/wp-json\/wp\/v2\/pages\/4909","targetHints":{"allow":["GET"]}}],"collection":[{"href":"https:\/\/heimatvereinbersenbrueck.de\/wordpress\/wp-json\/wp\/v2\/pages"}],"about":[{"href":"https:\/\/heimatvereinbersenbrueck.de\/wordpress\/wp-json\/wp\/v2\/types\/page"}],"author":[{"embeddable":true,"href":"https:\/\/heimatvereinbersenbrueck.de\/wordpress\/wp-json\/wp\/v2\/users\/3"}],"replies":[{"embeddable":true,"href":"https:\/\/heimatvereinbersenbrueck.de\/wordpress\/wp-json\/wp\/v2\/comments?post=4909"}],"version-history":[{"count":3,"href":"https:\/\/heimatvereinbersenbrueck.de\/wordpress\/wp-json\/wp\/v2\/pages\/4909\/revisions"}],"predecessor-version":[{"id":4915,"href":"https:\/\/heimatvereinbersenbrueck.de\/wordpress\/wp-json\/wp\/v2\/pages\/4909\/revisions\/4915"}],"up":[{"embeddable":true,"href":"https:\/\/heimatvereinbersenbrueck.de\/wordpress\/wp-json\/wp\/v2\/pages\/4094"}],"wp:attachment":[{"href":"https:\/\/heimatvereinbersenbrueck.de\/wordpress\/wp-json\/wp\/v2\/media?parent=4909"}],"curies":[{"name":"wp","href":"https:\/\/api.w.org\/{rel}","templated":true}]}}