{"id":59,"date":"2010-10-18T17:48:28","date_gmt":"2010-10-18T15:48:28","guid":{"rendered":"http:\/\/heimatvereinbersenbrueck.de\/wordpress\/?page_id=59"},"modified":"2026-02-19T07:26:42","modified_gmt":"2026-02-19T06:26:42","slug":"mitteilungsblatt","status":"publish","type":"page","link":"https:\/\/heimatvereinbersenbrueck.de\/wordpress\/mitteilungsblatt\/","title":{"rendered":"Mitteilungsblatt"},"content":{"rendered":"\n<h2 class=\"wp-block-heading\">Mitteilungsbl\u00e4tter 2026<\/h2>\n\n\n<a href=\"https:\/\/heimatvereinbersenbrueck.de\/wordpress\/wp-content\/uploads\/2026\/02\/Nr.-66.pdf\" class=\"pdfemb-viewer\" style=\"\" data-width=\"max\" data-height=\"max\" data-toolbar=\"bottom\" data-toolbar-fixed=\"off\">Nr.-66<\/a>\n\n\n<h2 class=\"wp-block-heading\">Mitteilungsbl\u00e4tter 2025<\/h2>\n\n\n\n<p><\/p>\n\n\n<a href=\"https:\/\/heimatvereinbersenbrueck.de\/wordpress\/wp-content\/uploads\/2025\/12\/Nr.-65.pdf\" class=\"pdfemb-viewer\" style=\"\" data-width=\"max\" data-height=\"max\" data-toolbar=\"bottom\" data-toolbar-fixed=\"off\">Nr.-65<\/a>\n\n\n<hr class=\"wp-block-separator has-alpha-channel-opacity\"\/>\n\n\n<a href=\"https:\/\/heimatvereinbersenbrueck.de\/wordpress\/wp-content\/uploads\/2025\/09\/Nr.-64.pdf\" class=\"pdfemb-viewer\" style=\"\" data-width=\"max\" data-height=\"max\" data-toolbar=\"bottom\" data-toolbar-fixed=\"off\">Nr.-64<\/a>\n\n\n<hr class=\"wp-block-separator has-alpha-channel-opacity\"\/>\n\n\n<a href=\"https:\/\/heimatvereinbersenbrueck.de\/wordpress\/wp-content\/uploads\/2025\/06\/Nr.-63.pdf\" class=\"pdfemb-viewer\" style=\"\" data-width=\"max\" data-height=\"max\" data-toolbar=\"bottom\" data-toolbar-fixed=\"off\">Nr.-63<\/a>\n\n\n<hr class=\"wp-block-separator has-alpha-channel-opacity\"\/>\n\n\n<a href=\"https:\/\/heimatvereinbersenbrueck.de\/wordpress\/wp-content\/uploads\/2025\/02\/Nr.-62.pdf\" class=\"pdfemb-viewer\" style=\"\" data-width=\"max\" data-height=\"max\" data-toolbar=\"bottom\" data-toolbar-fixed=\"off\">Nr.-62<\/a>\n\n\n<hr class=\"wp-block-separator has-alpha-channel-opacity\"\/>\n\n\n\n<h2 class=\"wp-block-heading\">Mitteilungsbl\u00e4tter 2024<\/h2>\n\n\n\n<p><\/p>\n\n\n<a href=\"https:\/\/heimatvereinbersenbrueck.de\/wordpress\/wp-content\/uploads\/2024\/03\/Nr.-58.pdf\" class=\"pdfemb-viewer\" style=\"\" data-width=\"max\" data-height=\"max\" data-toolbar=\"bottom\" data-toolbar-fixed=\"off\">Nr.-58<\/a>\n\n<a href=\"https:\/\/heimatvereinbersenbrueck.de\/wordpress\/wp-content\/uploads\/2024\/05\/Nr.-59.pdf\" class=\"pdfemb-viewer\" style=\"\" data-width=\"max\" data-height=\"max\" data-toolbar=\"bottom\" data-toolbar-fixed=\"off\">Nr.-59<\/a>\n\n<a href=\"https:\/\/heimatvereinbersenbrueck.de\/wordpress\/wp-content\/uploads\/2024\/09\/Nr.60.pdf\" class=\"pdfemb-viewer\" style=\"\" data-width=\"max\" data-height=\"max\" data-toolbar=\"bottom\" data-toolbar-fixed=\"off\">Nr.60<\/a>\n\n\n<p>Die n\u00e4chste Ausgabe des Mitteilungsblatt erscheint im Dezember <\/p>\n\n\n\n<h2 class=\"wp-block-heading\">Archiv bisheriger Ausgaben<\/h2>\n\n\n\n<p>2025<\/p>\n\n\n\n<h2 class=\"wp-block-heading\"><a href=\"https:\/\/heimatvereinbersenbrueck.de\/wordpress\/mitteilungsblatt\/2024-2\/\">2024<\/a><\/h2>\n\n\n\n<h3 class=\"wp-block-heading\"><a href=\"https:\/\/heimatvereinbersenbrueck.de\/wordpress\/mitteilungsblatt\/mitteilungsblatt-2023\/\" data-type=\"page\" data-id=\"1567\">2023<\/a><\/h3>\n\n\n\n<h3 class=\"wp-block-heading\"><a href=\"https:\/\/heimatvereinbersenbrueck.de\/wordpress\/mitteilungsblatt\/2022-2\/\" data-type=\"page\" data-id=\"1721\">2022<\/a><\/h3>\n\n\n\n<h3 class=\"wp-block-heading\"><a href=\"https:\/\/heimatvereinbersenbrueck.de\/wordpress\/mitteilungsblatt\/2021-2\/\" data-type=\"page\" data-id=\"1698\">2021<\/a><\/h3>\n\n\n\n<h3 class=\"wp-block-heading\"><a href=\"https:\/\/heimatvereinbersenbrueck.de\/wordpress\/mitteilungsblatt\/2020-2\/\" data-type=\"page\" data-id=\"1243\">2020<\/a><\/h3>\n\n\n\n<p><\/p>\n","protected":false},"excerpt":{"rendered":"<p>Mitteilungsbl\u00e4tter 2026 Mitteilungsbl\u00e4tter 2025 Mitteilungsbl\u00e4tter 2024 Die n\u00e4chste Ausgabe des Mitteilungsblatt erscheint im Dezember Archiv bisheriger Ausgaben 2025 2024 2023 2022 2021 2020<\/p>\n","protected":false},"author":3,"featured_media":0,"parent":0,"menu_order":2000,"comment_status":"closed","ping_status":"closed","template":"","meta":{"pgc_sgb_lightbox_settings":"","_EventAllDay":false,"_EventTimezone":"","_EventStartDate":"","_EventEndDate":"","_EventStartDateUTC":"","_EventEndDateUTC":"","_EventShowMap":false,"_EventShowMapLink":false,"_EventURL":"","_EventCost":"","_EventCostDescription":"","_EventCurrencySymbol":"","_EventCurrencyCode":"","_EventCurrencyPosition":"","_EventDateTimeSeparator":"","_EventTimeRangeSeparator":"","_EventOrganizerID":[],"_EventVenueID":[],"_OrganizerEmail":"","_OrganizerPhone":"","_OrganizerWebsite":"","_VenueAddress":"","_VenueCity":"","_VenueCountry":"","_VenueProvince":"","_VenueState":"","_VenueZip":"","_VenuePhone":"","_VenueURL":"","_VenueStateProvince":"","_VenueLat":"","_VenueLng":"","_VenueShowMap":false,"_VenueShowMapLink":false,"footnotes":""},"class_list":["post-59","page","type-page","status-publish","hentry"],"_links":{"self":[{"href":"https:\/\/heimatvereinbersenbrueck.de\/wordpress\/wp-json\/wp\/v2\/pages\/59","targetHints":{"allow":["GET"]}}],"collection":[{"href":"https:\/\/heimatvereinbersenbrueck.de\/wordpress\/wp-json\/wp\/v2\/pages"}],"about":[{"href":"https:\/\/heimatvereinbersenbrueck.de\/wordpress\/wp-json\/wp\/v2\/types\/page"}],"author":[{"embeddable":true,"href":"https:\/\/heimatvereinbersenbrueck.de\/wordpress\/wp-json\/wp\/v2\/users\/3"}],"replies":[{"embeddable":true,"href":"https:\/\/heimatvereinbersenbrueck.de\/wordpress\/wp-json\/wp\/v2\/comments?post=59"}],"version-history":[{"count":31,"href":"https:\/\/heimatvereinbersenbrueck.de\/wordpress\/wp-json\/wp\/v2\/pages\/59\/revisions"}],"predecessor-version":[{"id":4709,"href":"https:\/\/heimatvereinbersenbrueck.de\/wordpress\/wp-json\/wp\/v2\/pages\/59\/revisions\/4709"}],"wp:attachment":[{"href":"https:\/\/heimatvereinbersenbrueck.de\/wordpress\/wp-json\/wp\/v2\/media?parent=59"}],"curies":[{"name":"wp","href":"https:\/\/api.w.org\/{rel}","templated":true}]}}