{"id":637,"date":"2013-04-12T10:51:00","date_gmt":"2013-04-12T08:51:00","guid":{"rendered":"http:\/\/heimatvereinbersenbrueck.de\/wordpress\/?page_id=637"},"modified":"2025-08-23T10:02:05","modified_gmt":"2025-08-23T08:02:05","slug":"2013-2","status":"publish","type":"page","link":"https:\/\/heimatvereinbersenbrueck.de\/wordpress\/mitteilungsblatt\/2013-2\/","title":{"rendered":"2013"},"content":{"rendered":"<p style=\"text-align: center;\"><a href=\"http:\/\/heimatvereinbersenbrueck.de\/wordpress\/wp-content\/uploads\/2013\/04\/Ausgabe-17.pdf\">Ausgabe 17\u00a0 2013<\/a><\/p>\n<p style=\"text-align: center;\"><a href=\"http:\/\/heimatvereinbersenbrueck.de\/wordpress\/wp-content\/uploads\/2013\/04\/Ausgabe-18.pdf\" target=\"_blank\" rel=\"noopener\">Ausgabe 18<\/a><\/p>\n<p style=\"text-align: center;\"><a href=\"http:\/\/heimatvereinbersenbrueck.de\/wordpress\/wp-content\/uploads\/2013\/04\/Ausgabe-19-Heimatverein.pdf\" target=\"_blank\" rel=\"noopener\">Ausgabe 19 2013<\/a><\/p>\n<p style=\"text-align: center;\"><a href=\"http:\/\/heimatvereinbersenbrueck.de\/wordpress\/wp-content\/uploads\/2014\/04\/2013-4.pdf\" target=\"_blank\" rel=\"noopener\">Ausgabe 20 2013<\/a><\/p>\n<p style=\"text-align: center;\">Zum ansehen des Mitteilungsblattes des Heimatvereins Bersenbr\u00fcck ben\u00f6tigen sie den Adobe Acrobat Reader. Diesen k\u00f6nnen sie<a href=\"http:\/\/get.adobe.com\/de\/reader\/\" target=\"_blank\" rel=\"noopener\"> hier<\/a> kostenlos herunterladen<\/p>\n","protected":false},"excerpt":{"rendered":"<p>Ausgabe 17\u00a0 2013 Ausgabe 18 Ausgabe 19 2013 Ausgabe 20 2013 Zum ansehen des Mitteilungsblattes des Heimatvereins Bersenbr\u00fcck ben\u00f6tigen sie den Adobe Acrobat Reader. Diesen k\u00f6nnen sie hier kostenlos herunterladen<\/p>\n","protected":false},"author":3,"featured_media":0,"parent":59,"menu_order":2013,"comment_status":"closed","ping_status":"closed","template":"","meta":{"pgc_sgb_lightbox_settings":"","_EventAllDay":false,"_EventTimezone":"","_EventStartDate":"","_EventEndDate":"","_EventStartDateUTC":"","_EventEndDateUTC":"","_EventShowMap":false,"_EventShowMapLink":false,"_EventURL":"","_EventCost":"","_EventCostDescription":"","_EventCurrencySymbol":"","_EventCurrencyCode":"","_EventCurrencyPosition":"","_EventDateTimeSeparator":"","_EventTimeRangeSeparator":"","_EventOrganizerID":[],"_EventVenueID":[],"_OrganizerEmail":"","_OrganizerPhone":"","_OrganizerWebsite":"","_VenueAddress":"","_VenueCity":"","_VenueCountry":"","_VenueProvince":"","_VenueState":"","_VenueZip":"","_VenuePhone":"","_VenueURL":"","_VenueStateProvince":"","_VenueLat":"","_VenueLng":"","_VenueShowMap":false,"_VenueShowMapLink":false,"footnotes":""},"class_list":["post-637","page","type-page","status-publish","hentry"],"_links":{"self":[{"href":"https:\/\/heimatvereinbersenbrueck.de\/wordpress\/wp-json\/wp\/v2\/pages\/637","targetHints":{"allow":["GET"]}}],"collection":[{"href":"https:\/\/heimatvereinbersenbrueck.de\/wordpress\/wp-json\/wp\/v2\/pages"}],"about":[{"href":"https:\/\/heimatvereinbersenbrueck.de\/wordpress\/wp-json\/wp\/v2\/types\/page"}],"author":[{"embeddable":true,"href":"https:\/\/heimatvereinbersenbrueck.de\/wordpress\/wp-json\/wp\/v2\/users\/3"}],"replies":[{"embeddable":true,"href":"https:\/\/heimatvereinbersenbrueck.de\/wordpress\/wp-json\/wp\/v2\/comments?post=637"}],"version-history":[{"count":12,"href":"https:\/\/heimatvereinbersenbrueck.de\/wordpress\/wp-json\/wp\/v2\/pages\/637\/revisions"}],"predecessor-version":[{"id":1087,"href":"https:\/\/heimatvereinbersenbrueck.de\/wordpress\/wp-json\/wp\/v2\/pages\/637\/revisions\/1087"}],"up":[{"embeddable":true,"href":"https:\/\/heimatvereinbersenbrueck.de\/wordpress\/wp-json\/wp\/v2\/pages\/59"}],"wp:attachment":[{"href":"https:\/\/heimatvereinbersenbrueck.de\/wordpress\/wp-json\/wp\/v2\/media?parent=637"}],"curies":[{"name":"wp","href":"https:\/\/api.w.org\/{rel}","templated":true}]}}